{"id":8965,"date":"2021-08-06T04:10:56","date_gmt":"2021-08-06T04:10:56","guid":{"rendered":"https:\/\/labiaplastynewyorkcity.com\/testimonios\/"},"modified":"2025-05-29T10:10:27","modified_gmt":"2025-05-29T10:10:27","slug":"testimonios","status":"publish","type":"page","link":"https:\/\/labiaplastynewyorkcity.com\/es\/testimonios\/","title":{"rendered":"Testimonios"},"content":{"rendered":"\n<div style=\"height:30px\" aria-hidden=\"true\" class=\"wp-block-spacer\"><\/div>\n<p>No reviews found.<\/p>\n\n<div class=\"wp-block-buttons is-content-justification-center is-layout-flex wp-container-core-buttons-is-layout-16018d1d wp-block-buttons-is-layout-flex\">\n<div class=\"wp-block-button is-style-outline is-style-outline--1\"><a class=\"wp-block-button__link wp-element-button\" href=\"https:\/\/labiaplastynewyorkcity.com\/rateus\/?lid=13\">DEJA UNA RESE\u00d1A<\/a><\/div>\n<\/div>\n\n<style>.has-text-light-color, .has-text-light-color a {\n    color: #ffff;\n}\n<\/style>\n","protected":false},"excerpt":{"rendered":"","protected":false},"author":3,"featured_media":0,"parent":0,"menu_order":0,"comment_status":"closed","ping_status":"closed","template":"","meta":{"_acf_changed":false,"_genesis_hide_title":false,"_genesis_hide_breadcrumbs":false,"_genesis_hide_singular_image":false,"_genesis_hide_footer_widgets":false,"_genesis_custom_body_class":"","_genesis_custom_post_class":"","_genesis_layout":"","footnotes":""},"class_list":{"0":"post-8965","1":"page","2":"type-page","3":"status-publish","5":"entry"},"acf":[],"yoast_head":"<!-- This site is optimized with the Yoast SEO plugin v27.2 - https:\/\/yoast.com\/product\/yoast-seo-wordpress\/ -->\n<title>Testimonios - Labiaplasty NYC<\/title>\n<meta name=\"description\" content=\"El Dr. Ammar Mahmoud, cirujano de labioplastia de Nueva York, es un cirujano est\u00e9tico local de confianza especializado en ginecolog\u00eda est\u00e9tica. \u00a1Llama hoy para concertar una cita!\" \/>\n<meta name=\"robots\" content=\"index, follow, max-snippet:-1, max-image-preview:large, max-video-preview:-1\" \/>\n<link rel=\"canonical\" href=\"https:\/\/labiaplastynewyorkcity.com\/es\/testimonios\/\" \/>\n<meta property=\"og:locale\" content=\"es_ES\" \/>\n<meta property=\"og:type\" content=\"article\" \/>\n<meta property=\"og:title\" content=\"Testimonios - Labiaplasty NYC\" \/>\n<meta property=\"og:description\" content=\"El Dr. Ammar Mahmoud, cirujano de labioplastia de Nueva York, es un cirujano est\u00e9tico local de confianza especializado en ginecolog\u00eda est\u00e9tica. \u00a1Llama hoy para concertar una cita!\" \/>\n<meta property=\"og:url\" content=\"https:\/\/labiaplastynewyorkcity.com\/es\/testimonios\/\" \/>\n<meta property=\"og:site_name\" content=\"Labiaplasty NYC\" \/>\n<meta property=\"article:modified_time\" content=\"2025-05-29T10:10:27+00:00\" \/>\n<meta name=\"twitter:card\" content=\"summary_large_image\" \/>\n<script type=\"application\/ld+json\" class=\"yoast-schema-graph\">{\"@context\":\"https:\/\/schema.org\",\"@graph\":[{\"@type\":\"WebPage\",\"@id\":\"https:\/\/labiaplastynewyorkcity.com\/es\/testimonios\/\",\"url\":\"https:\/\/labiaplastynewyorkcity.com\/es\/testimonios\/\",\"name\":\"Testimonios - Labiaplasty NYC\",\"isPartOf\":{\"@id\":\"https:\/\/labiaplastynewyorkcity.com\/es\/#website\"},\"datePublished\":\"2021-08-06T04:10:56+00:00\",\"dateModified\":\"2025-05-29T10:10:27+00:00\",\"description\":\"El Dr. Ammar Mahmoud, cirujano de labioplastia de Nueva York, es un cirujano est\u00e9tico local de confianza especializado en ginecolog\u00eda est\u00e9tica. \u00a1Llama hoy para concertar una cita!\",\"breadcrumb\":{\"@id\":\"https:\/\/labiaplastynewyorkcity.com\/es\/testimonios\/#breadcrumb\"},\"inLanguage\":\"es\",\"potentialAction\":[{\"@type\":\"ReadAction\",\"target\":[\"https:\/\/labiaplastynewyorkcity.com\/es\/testimonios\/\"]}]},{\"@type\":\"BreadcrumbList\",\"@id\":\"https:\/\/labiaplastynewyorkcity.com\/es\/testimonios\/#breadcrumb\",\"itemListElement\":[{\"@type\":\"ListItem\",\"position\":1,\"name\":\"Home\",\"item\":\"https:\/\/labiaplastynewyorkcity.com\/es\/\"},{\"@type\":\"ListItem\",\"position\":2,\"name\":\"Testimonios\"}]},{\"@type\":\"WebSite\",\"@id\":\"https:\/\/labiaplastynewyorkcity.com\/es\/#website\",\"url\":\"https:\/\/labiaplastynewyorkcity.com\/es\/\",\"name\":\"Labiaplasty NYC\",\"description\":\"Minimally Invasive Gynecological and Pelvic Reconstructive Surgery\",\"publisher\":{\"@id\":\"https:\/\/labiaplastynewyorkcity.com\/es\/#organization\"},\"potentialAction\":[{\"@type\":\"SearchAction\",\"target\":{\"@type\":\"EntryPoint\",\"urlTemplate\":\"https:\/\/labiaplastynewyorkcity.com\/es\/?s={search_term_string}\"},\"query-input\":{\"@type\":\"PropertyValueSpecification\",\"valueRequired\":true,\"valueName\":\"search_term_string\"}}],\"inLanguage\":\"es\"},{\"@type\":\"Organization\",\"@id\":\"https:\/\/labiaplastynewyorkcity.com\/es\/#organization\",\"name\":\"Labiaplasty NYC\",\"url\":\"https:\/\/labiaplastynewyorkcity.com\/es\/\",\"logo\":{\"@type\":\"ImageObject\",\"inLanguage\":\"es\",\"@id\":\"https:\/\/labiaplastynewyorkcity.com\/es\/#\/schema\/logo\/image\/\",\"url\":\"https:\/\/labiaplastynewyorkcity.com\/wp-content\/uploads\/2025\/02\/labiaplasty-nyc-logo.png\",\"contentUrl\":\"https:\/\/labiaplastynewyorkcity.com\/wp-content\/uploads\/2025\/02\/labiaplasty-nyc-logo.png\",\"width\":834,\"height\":278,\"caption\":\"Labiaplasty NYC\"},\"image\":{\"@id\":\"https:\/\/labiaplastynewyorkcity.com\/es\/#\/schema\/logo\/image\/\"}}]}<\/script>\n<!-- \/ Yoast SEO plugin. -->","yoast_head_json":{"title":"Testimonios - Labiaplasty NYC","description":"El Dr. Ammar Mahmoud, cirujano de labioplastia de Nueva York, es un cirujano est\u00e9tico local de confianza especializado en ginecolog\u00eda est\u00e9tica. \u00a1Llama hoy para concertar una cita!","robots":{"index":"index","follow":"follow","max-snippet":"max-snippet:-1","max-image-preview":"max-image-preview:large","max-video-preview":"max-video-preview:-1"},"canonical":"https:\/\/labiaplastynewyorkcity.com\/es\/testimonios\/","og_locale":"es_ES","og_type":"article","og_title":"Testimonios - Labiaplasty NYC","og_description":"El Dr. Ammar Mahmoud, cirujano de labioplastia de Nueva York, es un cirujano est\u00e9tico local de confianza especializado en ginecolog\u00eda est\u00e9tica. \u00a1Llama hoy para concertar una cita!","og_url":"https:\/\/labiaplastynewyorkcity.com\/es\/testimonios\/","og_site_name":"Labiaplasty NYC","article_modified_time":"2025-05-29T10:10:27+00:00","twitter_card":"summary_large_image","schema":{"@context":"https:\/\/schema.org","@graph":[{"@type":"WebPage","@id":"https:\/\/labiaplastynewyorkcity.com\/es\/testimonios\/","url":"https:\/\/labiaplastynewyorkcity.com\/es\/testimonios\/","name":"Testimonios - Labiaplasty NYC","isPartOf":{"@id":"https:\/\/labiaplastynewyorkcity.com\/es\/#website"},"datePublished":"2021-08-06T04:10:56+00:00","dateModified":"2025-05-29T10:10:27+00:00","description":"El Dr. Ammar Mahmoud, cirujano de labioplastia de Nueva York, es un cirujano est\u00e9tico local de confianza especializado en ginecolog\u00eda est\u00e9tica. \u00a1Llama hoy para concertar una cita!","breadcrumb":{"@id":"https:\/\/labiaplastynewyorkcity.com\/es\/testimonios\/#breadcrumb"},"inLanguage":"es","potentialAction":[{"@type":"ReadAction","target":["https:\/\/labiaplastynewyorkcity.com\/es\/testimonios\/"]}]},{"@type":"BreadcrumbList","@id":"https:\/\/labiaplastynewyorkcity.com\/es\/testimonios\/#breadcrumb","itemListElement":[{"@type":"ListItem","position":1,"name":"Home","item":"https:\/\/labiaplastynewyorkcity.com\/es\/"},{"@type":"ListItem","position":2,"name":"Testimonios"}]},{"@type":"WebSite","@id":"https:\/\/labiaplastynewyorkcity.com\/es\/#website","url":"https:\/\/labiaplastynewyorkcity.com\/es\/","name":"Labiaplasty NYC","description":"Minimally Invasive Gynecological and Pelvic Reconstructive Surgery","publisher":{"@id":"https:\/\/labiaplastynewyorkcity.com\/es\/#organization"},"potentialAction":[{"@type":"SearchAction","target":{"@type":"EntryPoint","urlTemplate":"https:\/\/labiaplastynewyorkcity.com\/es\/?s={search_term_string}"},"query-input":{"@type":"PropertyValueSpecification","valueRequired":true,"valueName":"search_term_string"}}],"inLanguage":"es"},{"@type":"Organization","@id":"https:\/\/labiaplastynewyorkcity.com\/es\/#organization","name":"Labiaplasty NYC","url":"https:\/\/labiaplastynewyorkcity.com\/es\/","logo":{"@type":"ImageObject","inLanguage":"es","@id":"https:\/\/labiaplastynewyorkcity.com\/es\/#\/schema\/logo\/image\/","url":"https:\/\/labiaplastynewyorkcity.com\/wp-content\/uploads\/2025\/02\/labiaplasty-nyc-logo.png","contentUrl":"https:\/\/labiaplastynewyorkcity.com\/wp-content\/uploads\/2025\/02\/labiaplasty-nyc-logo.png","width":834,"height":278,"caption":"Labiaplasty NYC"},"image":{"@id":"https:\/\/labiaplastynewyorkcity.com\/es\/#\/schema\/logo\/image\/"}}]}},"featured_image_src":null,"featured_image_src_square":null,"_links":{"self":[{"href":"https:\/\/labiaplastynewyorkcity.com\/es\/wp-json\/wp\/v2\/pages\/8965","targetHints":{"allow":["GET"]}}],"collection":[{"href":"https:\/\/labiaplastynewyorkcity.com\/es\/wp-json\/wp\/v2\/pages"}],"about":[{"href":"https:\/\/labiaplastynewyorkcity.com\/es\/wp-json\/wp\/v2\/types\/page"}],"author":[{"embeddable":true,"href":"https:\/\/labiaplastynewyorkcity.com\/es\/wp-json\/wp\/v2\/users\/3"}],"replies":[{"embeddable":true,"href":"https:\/\/labiaplastynewyorkcity.com\/es\/wp-json\/wp\/v2\/comments?post=8965"}],"version-history":[{"count":0,"href":"https:\/\/labiaplastynewyorkcity.com\/es\/wp-json\/wp\/v2\/pages\/8965\/revisions"}],"wp:attachment":[{"href":"https:\/\/labiaplastynewyorkcity.com\/es\/wp-json\/wp\/v2\/media?parent=8965"}],"curies":[{"name":"wp","href":"https:\/\/api.w.org\/{rel}","templated":true}]}}