{"id":8418,"date":"2021-04-13T04:44:29","date_gmt":"2021-04-13T04:44:29","guid":{"rendered":"https:\/\/labiaplastynewyorkcity.com\/labiaplasty-nyc-historial-de-noticias\/"},"modified":"2023-08-25T07:46:48","modified_gmt":"2023-08-25T07:46:48","slug":"labiaplasty-nyc-historial-noticias","status":"publish","type":"page","link":"https:\/\/labiaplastynewyorkcity.com\/es\/labiaplasty-nyc-historial-noticias\/","title":{"rendered":"Labiaplasty NYC Historial de Noticias"},"content":{"rendered":"\n <div class=\"blurb-archive-container\">\n\n\n\n \t<h2 class=\"blurb-heading\">News Archive<\/h2>\n\n\n\n \t\t\n\t\t\t\t\n\n\t\t\t\t \t<div class=\"blurb-old-news\">\n\n\t\t\t\t \t\t\n\n\t\t\t\t \t\t<div class=\"blurb-date\">\n\n\t\t\t\t \t\t\t\n\t\t\t\t \t\t<\/div>\n\n\t\t\t\t \t\t<div class=\"news-blurb-title\">Vaginoplastia \u2013 Riesgos y Beneficios<\/div>\n\n\t\t\t\t \t\t<div class=\"blurb-archive-content\">\n\n\t\t\t\t\t \t\t<div class=\"blurb-archive-image\">\n\n\t\t\t\t\t \t\t\t\n\t\t\t\t\t \t\t<\/div>\n\n\t\t\t\t\t \t\t<div class=\"blurb-para\">\n\n\t\t\t\t\t \t\t\tLa vaginoplastia puede reformar la vagina. Las mujeres que reciben un procedimiento de vaginoplastia lo hacen para incrementar la tensi\u00f3n vaginal y aumentar la satisfacci\u00f3n sexual. El mayor beneficio de la vaginoplastia es la mejora en la autoestima que se experimenta despu\u00e9s de la cirug\u00eda. Esta autoestima ayuda a las mujeres a sentirse m\u00e1s confiadas, especialmente cuando se refiere a su vida sexual. Los riesgos de la vaginoplastia incluyen f\u00edstulas, prolapso uterovaginal, retenci\u00f3n urinaria, e infecci\u00f3n. Sin embargo, el potencial de riesgo es bajo, ya que las t\u00e9cnicas y tecnolog\u00eda usadas para la cirug\u00eda son muy avanzadas. Hay cl\u00ednicas especializadas en vaginoplastia. Si est\u00e1s insegura de necesitar este procedimiento, contacta a una <a href=\"https:\/\/labiaplastynewyorkcity.com\/es\/vaginoplastia-nyc\/\">cl\u00ednica de vaginoplastia<\/a> que ofrezca consulta sin compromisos.       \n\t\t\t\t\t \t\t<\/div>\n\n\t\t\t\t\t \t\t\n\n\t\t\t\t \t\t<\/div>\n\n\n\n\t\t\t\t \t<\/div>\n\n\n\n \t\t\t\t\t\n\t\t\t\t\n\n\t\t\t\t \t<div class=\"blurb-old-news\">\n\n\t\t\t\t \t\t\n\n\t\t\t\t \t\t<div class=\"blurb-date\">\n\n\t\t\t\t \t\t\t\n\t\t\t\t \t\t<\/div>\n\n\t\t\t\t \t\t<div class=\"news-blurb-title\">Celebra tu feminidad<\/div>\n\n\t\t\t\t \t\t<div class=\"blurb-archive-content\">\n\n\t\t\t\t\t \t\t<div class=\"blurb-archive-image\">\n\n\t\t\t\t\t \t\t\t\n\t\t\t\t\t \t\t<\/div>\n\n\t\t\t\t\t \t\t<div class=\"blurb-para\">\n\n\t\t\t\t\t \t\t\tLos tratamientos correctivos vaginales, tambi\u00e9n conocidos como rejuvenecimiento vaginal, son cada vez m\u00e1s comunes en los Estados Unidos. Ya sea para aumentar su confianza o sentirse m\u00e1s c\u00f3modas, las mujeres estadounidenses ahora optan por el rejuvenecimiento vaginal. Adem\u00e1s, estas mujeres no se sienten inc\u00f3modas ni avergonzadas de hablar sobre el deseo de sentirse mejor o experimentar una mayor satisfacci\u00f3n sexual. Puede recibir un <a href=\"https:\/\/labiaplastynewyorkcity.com\/es\/rejuvenecimiento-vaginal-nyc\/\">tratamiento de rejuvenecimiento vaginal<\/a> por razones est\u00e9ticas, como estrechar la vagina, aumentar el placer sexual o contrarrestar problemas relacionados con la edad, como la incontinencia.    La mejor parte: el rejuvenecimiento vaginal ahora es r\u00e1pido, indoloro y no quir\u00fargico. Eso significa que puede entrar y salir de una cl\u00ednica de labioplastia en la ciudad de Nueva York en unos 20 minutos. \n\t\t\t\t\t \t\t<\/div>\n\n\t\t\t\t\t \t\t\n\n\t\t\t\t \t\t<\/div>\n\n\n\n\t\t\t\t \t<\/div>\n\n\n\n \t\t\t\t\t\n\t\t\t\t\n\n\t\t\t\t \t<div class=\"blurb-old-news\">\n\n\t\t\t\t \t\t\n\n\t\t\t\t \t\t<div class=\"blurb-date\">\n\n\t\t\t\t \t\t\t\n\t\t\t\t \t\t<\/div>\n\n\t\t\t\t \t\t<div class=\"news-blurb-title\">\u00bfQui\u00e9n es un buen candidato para la labioplastia?<\/div>\n\n\t\t\t\t \t\t<div class=\"blurb-archive-content\">\n\n\t\t\t\t\t \t\t<div class=\"blurb-archive-image\">\n\n\t\t\t\t\t \t\t\t\n\t\t\t\t\t \t\t<\/div>\n\n\t\t\t\t\t \t\t<div class=\"blurb-para\">\n\n\t\t\t\t\t \t\t\tLa labioplastia es un procedimiento quir\u00fargico popular para remodelar los \u00ablabios\u00bb internos de la vulva: los labios menores. Si bien solo una minor\u00eda de mujeres se somete a una labioplastia por razones est\u00e9ticas, la mayor\u00eda se somete a una cirug\u00eda por conveniencia. Las mujeres se consideran buenas candidatas para la labioplastia si sus labios son m\u00e1s largos de lo normal. Esto puede resultar en problemas a la hora de realizar actividades f\u00edsicas. Los labios vaginales largos tambi\u00e9n pueden desencadenar angustia psicol\u00f3gica entre las mujeres y evitar que usen pantalones ajustados y trajes de ba\u00f1o.    \n\t\t\t\t\t \t\t<\/div>\n\n\t\t\t\t\t \t\t\n\n\t\t\t\t \t\t<\/div>\n\n\n\n\t\t\t\t \t<\/div>\n\n\n\n \t\t\t\t\t\n\t\t\t\t\n\n\t\t\t\t \t<div class=\"blurb-old-news\">\n\n\t\t\t\t \t\t\n\n\t\t\t\t \t\t<div class=\"blurb-date\">\n\n\t\t\t\t \t\t\t\n\t\t\t\t \t\t<\/div>\n\n\t\t\t\t \t\t<div class=\"news-blurb-title\">Un nuevo estudio demuestra que la labioplastia mejora la calidad de vida<\/div>\n\n\t\t\t\t \t\t<div class=\"blurb-archive-content\">\n\n\t\t\t\t\t \t\t<div class=\"blurb-archive-image\">\n\n\t\t\t\t\t \t\t\t\n\t\t\t\t\t \t\t<\/div>\n\n\t\t\t\t\t \t\t<div class=\"blurb-para\">\n\n\t\t\t\t\t \t\t\tEl exceso de tejido vaginal no es solo un problema cosm\u00e9tico sino que afecta la calidad de vida de las mujeres de muchas maneras. Un estudio prospectivo reciente que involucr\u00f3 a 62 mujeres mostr\u00f3 que todas experimentaron uno de los once s\u00edntomas de labios vaginales alargados (tejido vaginal). Estos incluyen sentirse cohibido, baja autoestima, sentirse menos atractivo, problemas con la intimidad, como tirar durante el coito, y dificultad con la ropa. El estudio realizado en 2020 por Heather Furnas, MD y colegas, tambi\u00e9n midi\u00f3 la eficacia de la labioplastia para aliviar estos s\u00edntomas. Despu\u00e9s de la labioplastia, el 93,5 por ciento de estas mujeres no ten\u00edan s\u00edntomas. Cuando la realizan especialistas <a href=\"https:\/\/labiaplastynewyorkcity.com\/es\/rejuvenecimiento-vaginal-nyc\/\">l\u00edderes en labioplast\u00eda y rejuvenecimiento vaginal<\/a>, la labioplastia puede optimizar la calidad de vida y eliminar los s\u00edntomas angustiantes.     \n\t\t\t\t\t \t\t<\/div>\n\n\t\t\t\t\t \t\t\n\n\t\t\t\t \t\t<\/div>\n\n\n\n\t\t\t\t \t<\/div>\n\n\n\n \t\t\t\t\t\n\t\t\t\t\n\n\t\t\t\t \t<div class=\"blurb-old-news\">\n\n\t\t\t\t \t\t\n\n\t\t\t\t \t\t<div class=\"blurb-date\">\n\n\t\t\t\t \t\t\t\n\t\t\t\t \t\t<\/div>\n\n\t\t\t\t \t\t<div class=\"news-blurb-title\">\u00bfLa labioplastia afecta la sensaci\u00f3n?<\/div>\n\n\t\t\t\t \t\t<div class=\"blurb-archive-content\">\n\n\t\t\t\t\t \t\t<div class=\"blurb-archive-image\">\n\n\t\t\t\t\t \t\t\t\n\t\t\t\t\t \t\t<\/div>\n\n\t\t\t\t\t \t\t<div class=\"blurb-para\">\n\n\t\t\t\t\t \t\t\tMuchas mujeres que consideran la labioplastia a menudo se preocupan si el procedimiento afectar\u00e1 la sensaci\u00f3n durante el coito. Si est\u00e1 considerando una labioplastia, es importante comprender el procedimiento. El procedimiento no elimina ni da\u00f1a ning\u00fan nervio. En cambio, solo elimina tejido y los tejidos no tienen terminaciones nerviosas. Por lo tanto, no debe preocuparse por una disminuci\u00f3n de la sensaci\u00f3n sexual despu\u00e9s de un procedimiento de labioplastia. La cantidad de sensaci\u00f3n que siente despu\u00e9s del procedimiento sigue siendo la misma que antes de someterse al procedimiento. Si necesita m\u00e1s informaci\u00f3n sobre el procedimiento o saber si es un buen candidato para \u00e9l, programe una cita con el Dr. Ammar Mahmoud hoy.      \n\t\t\t\t\t \t\t<\/div>\n\n\t\t\t\t\t \t\t\n\n\t\t\t\t \t\t<\/div>\n\n\n\n\t\t\t\t \t<\/div>\n\n\n\n \t\t\t\t\t\n\t\t\t\t\n\n\t\t\t\t \t<div class=\"blurb-old-news\">\n\n\t\t\t\t \t\t\n\n\t\t\t\t \t\t<div class=\"blurb-date\">\n\n\t\t\t\t \t\t\t\n\t\t\t\t \t\t<\/div>\n\n\t\t\t\t \t\t<div class=\"news-blurb-title\">Labioplastia por razones m\u00e9dicas<\/div>\n\n\t\t\t\t \t\t<div class=\"blurb-archive-content\">\n\n\t\t\t\t\t \t\t<div class=\"blurb-archive-image\">\n\n\t\t\t\t\t \t\t\t\n\t\t\t\t\t \t\t<\/div>\n\n\t\t\t\t\t \t\t<div class=\"blurb-para\">\n\n\t\t\t\t\t \t\t\tLa labioplastia, cuya popularidad ha aumentado en los \u00faltimos a\u00f1os, no solo se solicita para mejorar el disfrute sexual, sino tambi\u00e9n por razones m\u00e9dicas que pueden necesitar este procedimiento. Los labios menores agrandados pueden dificultar la micci\u00f3n. La hipertrofia puede deberse a la gen\u00e9tica, un aumento de las hormonas femeninas durante la pubertad, durante el embarazo o por una infecci\u00f3n en la zona. Los labios agrandados atrapan m\u00e1s f\u00e1cilmente las secreciones corporales, lo que aumenta las posibilidades de infecciones cr\u00f3nicas del tracto urinario. Se aconseja a las mujeres que han enfrentado estos problemas de salud, que pueden afectar la calidad de vida, que exploren sus opciones en la labioplastia.    \n\t\t\t\t\t \t\t<\/div>\n\n\t\t\t\t\t \t\t\n\n\t\t\t\t \t\t<\/div>\n\n\n\n\t\t\t\t \t<\/div>\n\n\n\n \t\t\t\t\t\n\t\t\t\t\n\n\t\t\t\t \t<div class=\"blurb-old-news\">\n\n\t\t\t\t \t\t\n\n\t\t\t\t \t\t<div class=\"blurb-date\">\n\n\t\t\t\t \t\t\t\n\t\t\t\t \t\t<\/div>\n\n\t\t\t\t \t\t<div class=\"news-blurb-title\">Estudio revela c\u00f3mo la labioplastia cambia la calidad de vida de las mujeres<\/div>\n\n\t\t\t\t \t\t<div class=\"blurb-archive-content\">\n\n\t\t\t\t\t \t\t<div class=\"blurb-archive-image\">\n\n\t\t\t\t\t \t\t\t\n\t\t\t\t\t \t\t<\/div>\n\n\t\t\t\t\t \t\t<div class=\"blurb-para\">\n\n\t\t\t\t\t \t\t\tLa labioplastia no se trata solo de est\u00e9tica para la mayor\u00eda de las mujeres. T\u00e9rminos como \u00abvagina de dise\u00f1ador\u00bb restan gravedad a la situaci\u00f3n a la que se enfrentan las mujeres con labios vaginales alargados. Un estudio en 62 mujeres entre 17 a 61 a\u00f1os de edad, sometidas a labioplastia, sugiri\u00f3 que hay una mejora significativa en la calidad de vida despu\u00e9s de la cirug\u00eda. Se pidi\u00f3 a las participantes en el estudio que completaran un cuestionario sobre las molestias y los s\u00edntomas relacionados con el exceso de tejido vaginal antes de la cirug\u00eda y nuevamente 2 a\u00f1os despu\u00e9s del procedimiento. El estudio mostr\u00f3 que hubo una mejora significativa en muchos s\u00edntomas f\u00edsicos y psicosociales despu\u00e9s de la cirug\u00eda de Labioplastia.    \n\n\t\t\t\t\t \t\t<\/div>\n\n\t\t\t\t\t \t\t\n\n\t\t\t\t \t\t<\/div>\n\n\n\n\t\t\t\t \t<\/div>\n\n\n\n \t\t\t\t\t\n\n\n \t\t\t\t<div class=\"blurb-pagination\">\n\n\t\t\t\t \t<span aria-current=\"page\" class=\"page-numbers current\">1<\/span>\n<a class=\"page-numbers\" href=\"https:\/\/labiaplastynewyorkcity.com\/es\/wp-json\/wp\/v2\/pages\/8418\/page\/2\">2<\/a>\n<a class=\"next page-numbers\" href=\"https:\/\/labiaplastynewyorkcity.com\/es\/wp-json\/wp\/v2\/pages\/8418\/page\/2\"><i class=\"fas fa-chevron-right\"><\/i><\/a>\n\t\t\t\t <\/div>\n\n\n\n \t\t\t\t\n <\/div>\n\n\n\n ","protected":false},"excerpt":{"rendered":"","protected":false},"author":3,"featured_media":0,"parent":0,"menu_order":0,"comment_status":"closed","ping_status":"closed","template":"","meta":{"_acf_changed":false,"_genesis_hide_title":false,"_genesis_hide_breadcrumbs":false,"_genesis_hide_singular_image":false,"_genesis_hide_footer_widgets":false,"_genesis_custom_body_class":"","_genesis_custom_post_class":"","_genesis_layout":"","footnotes":""},"class_list":{"0":"post-8418","1":"page","2":"type-page","3":"status-publish","5":"entry"},"acf":[],"yoast_head":"<!-- This site is optimized with the Yoast SEO plugin v27.2 - https:\/\/yoast.com\/product\/yoast-seo-wordpress\/ -->\n<title>Labiaplasty NYC Historial de Noticias - Labiaplasty NYC<\/title>\n<meta name=\"robots\" content=\"noindex, nofollow\" \/>\n<meta property=\"og:locale\" content=\"es_ES\" \/>\n<meta property=\"og:type\" content=\"article\" \/>\n<meta property=\"og:title\" content=\"Labiaplasty NYC Historial de Noticias - Labiaplasty NYC\" \/>\n<meta property=\"og:url\" content=\"https:\/\/labiaplastynewyorkcity.com\/es\/labiaplasty-nyc-historial-noticias\/\" \/>\n<meta property=\"og:site_name\" content=\"Labiaplasty NYC\" \/>\n<meta property=\"article:modified_time\" content=\"2023-08-25T07:46:48+00:00\" \/>\n<meta name=\"twitter:card\" content=\"summary_large_image\" \/>\n<script type=\"application\/ld+json\" class=\"yoast-schema-graph\">{\"@context\":\"https:\/\/schema.org\",\"@graph\":[{\"@type\":\"WebPage\",\"@id\":\"https:\/\/labiaplastynewyorkcity.com\/es\/labiaplasty-nyc-historial-noticias\/\",\"url\":\"https:\/\/labiaplastynewyorkcity.com\/es\/labiaplasty-nyc-historial-noticias\/\",\"name\":\"Labiaplasty NYC Historial de Noticias - Labiaplasty NYC\",\"isPartOf\":{\"@id\":\"https:\/\/labiaplastynewyorkcity.com\/es\/#website\"},\"datePublished\":\"2021-04-13T04:44:29+00:00\",\"dateModified\":\"2023-08-25T07:46:48+00:00\",\"breadcrumb\":{\"@id\":\"https:\/\/labiaplastynewyorkcity.com\/es\/labiaplasty-nyc-historial-noticias\/#breadcrumb\"},\"inLanguage\":\"es\",\"potentialAction\":[{\"@type\":\"ReadAction\",\"target\":[\"https:\/\/labiaplastynewyorkcity.com\/es\/labiaplasty-nyc-historial-noticias\/\"]}]},{\"@type\":\"BreadcrumbList\",\"@id\":\"https:\/\/labiaplastynewyorkcity.com\/es\/labiaplasty-nyc-historial-noticias\/#breadcrumb\",\"itemListElement\":[{\"@type\":\"ListItem\",\"position\":1,\"name\":\"Home\",\"item\":\"https:\/\/labiaplastynewyorkcity.com\/es\/\"},{\"@type\":\"ListItem\",\"position\":2,\"name\":\"Labiaplasty NYC Historial de Noticias\"}]},{\"@type\":\"WebSite\",\"@id\":\"https:\/\/labiaplastynewyorkcity.com\/es\/#website\",\"url\":\"https:\/\/labiaplastynewyorkcity.com\/es\/\",\"name\":\"Labiaplasty NYC\",\"description\":\"Minimally Invasive Gynecological and Pelvic Reconstructive Surgery\",\"publisher\":{\"@id\":\"https:\/\/labiaplastynewyorkcity.com\/es\/#organization\"},\"potentialAction\":[{\"@type\":\"SearchAction\",\"target\":{\"@type\":\"EntryPoint\",\"urlTemplate\":\"https:\/\/labiaplastynewyorkcity.com\/es\/?s={search_term_string}\"},\"query-input\":{\"@type\":\"PropertyValueSpecification\",\"valueRequired\":true,\"valueName\":\"search_term_string\"}}],\"inLanguage\":\"es\"},{\"@type\":\"Organization\",\"@id\":\"https:\/\/labiaplastynewyorkcity.com\/es\/#organization\",\"name\":\"Labiaplasty NYC\",\"url\":\"https:\/\/labiaplastynewyorkcity.com\/es\/\",\"logo\":{\"@type\":\"ImageObject\",\"inLanguage\":\"es\",\"@id\":\"https:\/\/labiaplastynewyorkcity.com\/es\/#\/schema\/logo\/image\/\",\"url\":\"https:\/\/labiaplastynewyorkcity.com\/wp-content\/uploads\/2025\/02\/labiaplasty-nyc-logo.png\",\"contentUrl\":\"https:\/\/labiaplastynewyorkcity.com\/wp-content\/uploads\/2025\/02\/labiaplasty-nyc-logo.png\",\"width\":834,\"height\":278,\"caption\":\"Labiaplasty NYC\"},\"image\":{\"@id\":\"https:\/\/labiaplastynewyorkcity.com\/es\/#\/schema\/logo\/image\/\"}}]}<\/script>\n<!-- \/ Yoast SEO plugin. -->","yoast_head_json":{"title":"Labiaplasty NYC Historial de Noticias - Labiaplasty NYC","robots":{"index":"noindex","follow":"nofollow"},"og_locale":"es_ES","og_type":"article","og_title":"Labiaplasty NYC Historial de Noticias - Labiaplasty NYC","og_url":"https:\/\/labiaplastynewyorkcity.com\/es\/labiaplasty-nyc-historial-noticias\/","og_site_name":"Labiaplasty NYC","article_modified_time":"2023-08-25T07:46:48+00:00","twitter_card":"summary_large_image","schema":{"@context":"https:\/\/schema.org","@graph":[{"@type":"WebPage","@id":"https:\/\/labiaplastynewyorkcity.com\/es\/labiaplasty-nyc-historial-noticias\/","url":"https:\/\/labiaplastynewyorkcity.com\/es\/labiaplasty-nyc-historial-noticias\/","name":"Labiaplasty NYC Historial de Noticias - Labiaplasty NYC","isPartOf":{"@id":"https:\/\/labiaplastynewyorkcity.com\/es\/#website"},"datePublished":"2021-04-13T04:44:29+00:00","dateModified":"2023-08-25T07:46:48+00:00","breadcrumb":{"@id":"https:\/\/labiaplastynewyorkcity.com\/es\/labiaplasty-nyc-historial-noticias\/#breadcrumb"},"inLanguage":"es","potentialAction":[{"@type":"ReadAction","target":["https:\/\/labiaplastynewyorkcity.com\/es\/labiaplasty-nyc-historial-noticias\/"]}]},{"@type":"BreadcrumbList","@id":"https:\/\/labiaplastynewyorkcity.com\/es\/labiaplasty-nyc-historial-noticias\/#breadcrumb","itemListElement":[{"@type":"ListItem","position":1,"name":"Home","item":"https:\/\/labiaplastynewyorkcity.com\/es\/"},{"@type":"ListItem","position":2,"name":"Labiaplasty NYC Historial de Noticias"}]},{"@type":"WebSite","@id":"https:\/\/labiaplastynewyorkcity.com\/es\/#website","url":"https:\/\/labiaplastynewyorkcity.com\/es\/","name":"Labiaplasty NYC","description":"Minimally Invasive Gynecological and Pelvic Reconstructive Surgery","publisher":{"@id":"https:\/\/labiaplastynewyorkcity.com\/es\/#organization"},"potentialAction":[{"@type":"SearchAction","target":{"@type":"EntryPoint","urlTemplate":"https:\/\/labiaplastynewyorkcity.com\/es\/?s={search_term_string}"},"query-input":{"@type":"PropertyValueSpecification","valueRequired":true,"valueName":"search_term_string"}}],"inLanguage":"es"},{"@type":"Organization","@id":"https:\/\/labiaplastynewyorkcity.com\/es\/#organization","name":"Labiaplasty NYC","url":"https:\/\/labiaplastynewyorkcity.com\/es\/","logo":{"@type":"ImageObject","inLanguage":"es","@id":"https:\/\/labiaplastynewyorkcity.com\/es\/#\/schema\/logo\/image\/","url":"https:\/\/labiaplastynewyorkcity.com\/wp-content\/uploads\/2025\/02\/labiaplasty-nyc-logo.png","contentUrl":"https:\/\/labiaplastynewyorkcity.com\/wp-content\/uploads\/2025\/02\/labiaplasty-nyc-logo.png","width":834,"height":278,"caption":"Labiaplasty NYC"},"image":{"@id":"https:\/\/labiaplastynewyorkcity.com\/es\/#\/schema\/logo\/image\/"}}]}},"featured_image_src":null,"featured_image_src_square":null,"_links":{"self":[{"href":"https:\/\/labiaplastynewyorkcity.com\/es\/wp-json\/wp\/v2\/pages\/8418","targetHints":{"allow":["GET"]}}],"collection":[{"href":"https:\/\/labiaplastynewyorkcity.com\/es\/wp-json\/wp\/v2\/pages"}],"about":[{"href":"https:\/\/labiaplastynewyorkcity.com\/es\/wp-json\/wp\/v2\/types\/page"}],"author":[{"embeddable":true,"href":"https:\/\/labiaplastynewyorkcity.com\/es\/wp-json\/wp\/v2\/users\/3"}],"replies":[{"embeddable":true,"href":"https:\/\/labiaplastynewyorkcity.com\/es\/wp-json\/wp\/v2\/comments?post=8418"}],"version-history":[{"count":0,"href":"https:\/\/labiaplastynewyorkcity.com\/es\/wp-json\/wp\/v2\/pages\/8418\/revisions"}],"wp:attachment":[{"href":"https:\/\/labiaplastynewyorkcity.com\/es\/wp-json\/wp\/v2\/media?parent=8418"}],"curies":[{"name":"wp","href":"https:\/\/api.w.org\/{rel}","templated":true}]}}