{"id":7510,"date":"2021-12-16T01:44:58","date_gmt":"2021-12-16T01:44:58","guid":{"rendered":"https:\/\/labiaplastynewyorkcity.com\/fotos-de-antes-y-despues\/"},"modified":"2025-05-29T10:09:01","modified_gmt":"2025-05-29T10:09:01","slug":"fotos-antes-y-despues","status":"publish","type":"page","link":"https:\/\/labiaplastynewyorkcity.com\/es\/fotos-antes-y-despues\/","title":{"rendered":"Fotos de antes y despu\u00e9s"},"content":{"rendered":"\n<div class=\"wp-block-cover alignfull black\"><span aria-hidden=\"true\" class=\"wp-block-cover__background has-theme-primary-background-color has-background-dim-100 has-background-dim\"><\/span><div class=\"wp-block-cover__inner-container is-layout-flow wp-block-cover-is-layout-flow\">\n<div style=\"height:50px\" aria-hidden=\"true\" class=\"wp-block-spacer global-spacer-page-title\"><\/div>\n\n\n\n<h1 class=\"wp-block-heading has-text-align-center ticss-c979d49e has-text-light-color has-text-color has-link-color wp-elements-212ca815c2255893d505151f797805f9\">Fotos de antes y despu\u00e9s<\/h1>\n\n\n\n<p class=\"has-text-align-center\">Echa un vistazo a nuestra galer\u00eda de antes y despu\u00e9s a continuaci\u00f3n para inspirarte y ver algunos de nuestros trabajos.<\/p>\n\n\n\n<div style=\"height:60px\" aria-hidden=\"true\" class=\"wp-block-spacer global-spacer-page-title\"><\/div>\n<\/div><\/div>\n\n<div class=\"wp-block-cover alignfull is-light gallery-link-wrapper\"><span aria-hidden=\"true\" class=\"wp-block-cover__background has-text-light-background-color has-background-dim\"><\/span><img decoding=\"async\" width=\"1920\" height=\"1006\" class=\"wp-block-cover__image-background wp-image-6891\" alt=\"Before and After Photos Labiaplasty Treatments in NYC\" src=\"https:\/\/labiaplastynewyorkcity.com\/wp-content\/uploads\/2022\/06\/before-and-after-photos-labiaplasty-treatments-in-nyc.jpg\" style=\"object-position:65% 0%\" data-object-fit=\"cover\" data-object-position=\"65% 0%\"\/><div class=\"wp-block-cover__inner-container is-layout-flow wp-block-cover-is-layout-flow\">\n<div style=\"height:130px\" aria-hidden=\"true\" class=\"wp-block-spacer global-spacer-gallery\"><\/div>\n\n\n\n<div class=\"wp-block-genesis-blocks-gb-columns gallery-link gb-layout-columns-1 one-column gb-columns-center\"><div class=\"gb-layout-column-wrap gb-block-layout-column-gap-2 gb-is-responsive-column\" style=\"max-width:600px\">\n<div class=\"wp-block-genesis-blocks-gb-column gb-block-layout-column\"><div class=\"gb-block-layout-column-inner has-theme-primary-background-color has-text-light-color\">\n<ul class=\"wp-block-list\">\n<li><a href=\"https:\/\/labiaplastynewyorkcity.com\/es\/labioplastia-nyc\/fotos-de-antes-y-despues-de-la-labioplastia\/\">Fotos de labioplastia<\/a><\/li>\n\n\n\n<li><a href=\"https:\/\/labiaplastynewyorkcity.com\/es\/vaginoplastia-nyc\/imagenes-de-antes-y-despues-de-la-vaginoplastia\/\">Fotos de vaginoplastia<\/a><\/li>\n\n\n\n<li><a href=\"https:\/\/labiaplastynewyorkcity.com\/es\/transferencia-de-grasa-vaginal-transfer-engrosamiento-de-labios-nyc\/imagenes-de-antes-y-despues-de-la-inflacion-de-labios\/\">Fotos de inflado labial \/ transferencia de grasa vaginal<\/a><\/li>\n\n\n\n<li><a href=\"https:\/\/labiaplastynewyorkcity.com\/es\/reduccion-del-capuchon-del-clitoris-nyc\/fotos-de-antes-y-despues-de-la-labioplastia\/\">Fotos de reducci\u00f3n de la capucha del cl\u00edtoris<\/a><\/li>\n\n\n\n<li><a href=\"https:\/\/labiaplastynewyorkcity.com\/es\/rejuvenecimiento-vaginal-nyc\/fotos-de-antes-y-despues-del-rejuvenecimiento-vaginal\/\">Fotos de rejuvenecimiento vaginal<\/a><\/li>\n\n\n\n<li><a href=\"https:\/\/labiaplastynewyorkcity.com\/es\/rejuvenecimiento-vaginal-thermiva-nyc\/thermiva-vaginal-rejuvenecimiento-antes-y-despues-fotos\/\">ThermiVa Rejuvenecimiento Vaginal Fotos<\/a><\/li>\n\n\n\n<li><a href=\"https:\/\/labiaplastynewyorkcity.com\/es\/perineoplastia-nyc\/fotos-de-antes-y-despues-de-la-perineoplastia\/\">Fotos de perineoplastia<\/a><\/li>\n\n\n\n<li class=\"no-privacy\"><a href=\"https:\/\/labiaplastynewyorkcity.com\/clinic\/\">Cl\u00ednica<\/a><\/li>\n<\/ul>\n<\/div><\/div>\n<\/div><\/div>\n\n\n\n<div style=\"height:130px\" aria-hidden=\"true\" class=\"wp-block-spacer global-spacer-gallery\"><\/div>\n<\/div><\/div>\n\n<aside class=\"gallery-privacy\"><div class=\"gallery-privacy-wrapper\"><button class=\"close\" title=\"Close\"><i class=\"fas fa-times\"><\/i><\/button><div class=\"gallery-privacy-under-18\">You are not old enough to view this content.<\/div><div class=\"gallery-privacy-content\"><div class=\"gallery-privacy-message\">Welcome to our Gallery<\/div><div class=\"gallery-privacy-caption\">Please verify your age to enter.<\/div><div class=\"gallery-privacy-buttons\"><button type=\"button\" class=\"gallery-privacy-btn-over-18\">I am over 18<\/button><button type=\"button\" class=\"gallery-privacy-btn-under-18\">I am under 18<\/button><\/div><div class=\"gallery-privacy-info\">By entering this site you are agreeing to the Terms of Use and Privacy Policy.<\/div><\/div><\/div><style type=\"text\/css\">.gallery-privacy { box-sizing: border-box; text-align: center; position: fixed; top: 0; left: 0; width: 100%; max-width: 100% !important; height: 100%; background-color: rgba(0,0,0,0.8); display: none; flex-flow: row wrap; align-items: center; justify-content: center; z-index: 9999999; }\n        .gallery-privacy * { box-sizing: border-box; }\n        .gallery-privacy button.close { color: #000 !important; position: absolute; right: 10px; top: 10px; padding: 0; outline: none; background-color: unset; cursor: pointer; font-size: 15px; font-weight: 700; line-height: 1; box-sizing: border-box; text-align: center; height: 40px; width: 40px; border: 1px solid rgba(0, 0, 0, 0.4); transition: 0.3s ease-in; }\n        .gallery-privacy button.close:hover { color: #fff !important; transform: translateY(-2px); background-color: #000; }\n        .gallery-privacy-wrapper { width: calc(100% - 30px); max-width: 460px; background-color: #ffffff; position: relative; }\n        .gallery-privacy-under-18 { color: #fff !important; display: none; width: 100%; background-color: #111111; padding: 20px; position: absolute; bottom: 100%; left: 0; }\n        .gallery-privacy-content { color: #2a2a2a; padding: 30px; min-height: 300px; display: flex; flex-flow: column wrap; justify-content: center; }\n        .gallery-privacy-content * { max-width: 100%; }\n        .gallery-privacy-message { font-size: 28px; line-height: 1.15; font-weight: 700; margin-bottom: 20px; }\n        .gallery-privacy-caption { font-size: 16px; line-height: 1.25; }\n        .gallery-privacy-buttons { display: flex; margin: 20px -5px; max-width: calc(100% + 15px); }\n        .gallery-privacy-buttons button { color: #000 !important; position: relative; width: 50%; margin: 10px; padding: 10px; outline: none; background-color: unset; cursor: pointer; font-size: 15px; font-weight: 700; line-height: 1.6; text-align: center; border: 1px solid rgba(0, 0, 0, 0.4); top: 0; transition: 0.3s ease-in; }\n        .gallery-privacy-buttons button:hover { transform: translateY(-2px); }\n        .gallery-privacy-buttons button:first-child { color: #fff !important; background-color: #00829a; border-color: #00829a; }\n        .gallery-privacy-info { font-size: 11px; }\n        @media (max-width:576px) {\n            .gallery-privacy-content { padding: 20px; }\n        }\n    <\/style><script class=\"privacy-content-under-18\">(function($) {\n            var $linkclicked;\n            $('.gallery-link ul > li:not(.no-privacy) > a').on('click', function(event){\n                if(getCookie('popupCookie') != 'closed' ){\n                    event.preventDefault();\n                    $linkclicked = $(this).attr('href');\n                    $('.gallery-privacy').fadeIn();\n                    $('.gallery-privacy').css(\"display\", \"flex\");\n                }\n            });\n\n            $('button.gallery-privacy-btn-over-18').on('click', function(){\n                $('.gallery-privacy').fadeOut();\n                window.location.href = $linkclicked;\n            });\n            $('button.close').on('click', function(){\n                $('.gallery-privacy').fadeOut();\n            });\n            $('button.gallery-privacy-btn-under-18').on('click', function(){\n                $('.gallery-privacy-under-18').fadeIn();\n            });\n\n\n            \/\/sets the coookie to one minute if the popup is closed (whole numbers = days)\n              $('button.gallery-privacy-btn-over-18').click(function(){\n                $('.gallery-privacy').fadeOut();\n                setCookie( 'popupCookie', 'closed', .00069444444 * 1440 );\n              });\n\n\n              function getCookie(cname) {\n                var name = cname + \"=\";\n                var ca = document.cookie.split(';');\n                for (var i = 0; i < ca.length; i++) {\n                  var c = ca[i];\n                  while (c.charAt(0) == ' ') {\n                    c = c.substring(1);\n                  }\n                  if (c.indexOf(name) == 0) {\n                    return c.substring(name.length, c.length);\n                  }\n                }\n                return \"\";\n              }\n\n              function setCookie(cname, cvalue, exdays) {\n                var d = new Date();\n                d.setTime(d.getTime() + (exdays * 24 * 60 * 60 * 1000));\n                var expires = \"expires=\" + d.toUTCString();\n                document.cookie = cname + \"=\" + cvalue + \";\" + expires + \";path=\/\";\n              }\n        })(jQuery);\n    <\/script><\/aside>\n","protected":false},"excerpt":{"rendered":"You are not old enough to view this content.Welcome to our GalleryPlease verify your age to enter.I am over 18I am under 18By entering this site you are agreeing to the Terms of Use and Privacy Policy.","protected":false},"author":3,"featured_media":0,"parent":0,"menu_order":0,"comment_status":"closed","ping_status":"closed","template":"page-templates\/blocks.php","meta":{"_acf_changed":false,"_genesis_hide_title":false,"_genesis_hide_breadcrumbs":false,"_genesis_hide_singular_image":false,"_genesis_hide_footer_widgets":false,"_genesis_custom_body_class":"","_genesis_custom_post_class":"","_genesis_layout":"","footnotes":""},"class_list":{"0":"post-7510","1":"page","2":"type-page","3":"status-publish","5":"entry","6":"has-post-thumbnail"},"acf":[],"yoast_head":"<!-- This site is optimized with the Yoast SEO plugin v27.2 - https:\/\/yoast.com\/product\/yoast-seo-wordpress\/ -->\n<title>Fotos de antes y despu\u00e9s - Labiaplasty NYC<\/title>\n<meta name=\"description\" content=\"Ver fotos de antes y despu\u00e9s de tratamientos de labioplastia y rejuvenecimiento vaginal realizados por el Dr. Ammar Mahmoud en NYC. Consulta los resultados de pacientes reales.\" \/>\n<meta name=\"robots\" content=\"index, follow, max-snippet:-1, max-image-preview:large, max-video-preview:-1\" \/>\n<link rel=\"canonical\" href=\"https:\/\/labiaplastynewyorkcity.com\/es\/fotos-antes-y-despues\/\" \/>\n<meta property=\"og:locale\" content=\"es_ES\" \/>\n<meta property=\"og:type\" content=\"article\" \/>\n<meta property=\"og:title\" content=\"Fotos de antes y despu\u00e9s - Labiaplasty NYC\" \/>\n<meta property=\"og:description\" content=\"Ver fotos de antes y despu\u00e9s de tratamientos de labioplastia y rejuvenecimiento vaginal realizados por el Dr. Ammar Mahmoud en NYC. Consulta los resultados de pacientes reales.\" \/>\n<meta property=\"og:url\" content=\"https:\/\/labiaplastynewyorkcity.com\/es\/fotos-antes-y-despues\/\" \/>\n<meta property=\"og:site_name\" content=\"Labiaplasty NYC\" \/>\n<meta property=\"article:modified_time\" content=\"2025-05-29T10:09:01+00:00\" \/>\n<meta property=\"og:image\" content=\"https:\/\/labiaplastynewyorkcity.com\/wp-content\/uploads\/2022\/06\/before-and-after-photos-labiaplasty-treatments-in-nyc.jpg\" \/>\n<meta name=\"twitter:card\" content=\"summary_large_image\" \/>\n<meta name=\"twitter:label1\" content=\"Tiempo de lectura\" \/>\n\t<meta name=\"twitter:data1\" content=\"1 minuto\" \/>\n<script type=\"application\/ld+json\" class=\"yoast-schema-graph\">{\"@context\":\"https:\/\/schema.org\",\"@graph\":[{\"@type\":\"WebPage\",\"@id\":\"https:\/\/labiaplastynewyorkcity.com\/es\/fotos-antes-y-despues\/\",\"url\":\"https:\/\/labiaplastynewyorkcity.com\/es\/fotos-antes-y-despues\/\",\"name\":\"Fotos de antes y despu\u00e9s - Labiaplasty NYC\",\"isPartOf\":{\"@id\":\"https:\/\/labiaplastynewyorkcity.com\/es\/#website\"},\"primaryImageOfPage\":{\"@id\":\"https:\/\/labiaplastynewyorkcity.com\/es\/fotos-antes-y-despues\/#primaryimage\"},\"image\":{\"@id\":\"https:\/\/labiaplastynewyorkcity.com\/es\/fotos-antes-y-despues\/#primaryimage\"},\"thumbnailUrl\":\"https:\/\/labiaplastynewyorkcity.com\/wp-content\/uploads\/2022\/06\/before-and-after-photos-labiaplasty-treatments-in-nyc.jpg\",\"datePublished\":\"2021-12-16T01:44:58+00:00\",\"dateModified\":\"2025-05-29T10:09:01+00:00\",\"description\":\"Ver fotos de antes y despu\u00e9s de tratamientos de labioplastia y rejuvenecimiento vaginal realizados por el Dr. Ammar Mahmoud en NYC. Consulta los resultados de pacientes reales.\",\"breadcrumb\":{\"@id\":\"https:\/\/labiaplastynewyorkcity.com\/es\/fotos-antes-y-despues\/#breadcrumb\"},\"inLanguage\":\"es\",\"potentialAction\":[{\"@type\":\"ReadAction\",\"target\":[\"https:\/\/labiaplastynewyorkcity.com\/es\/fotos-antes-y-despues\/\"]}]},{\"@type\":\"ImageObject\",\"inLanguage\":\"es\",\"@id\":\"https:\/\/labiaplastynewyorkcity.com\/es\/fotos-antes-y-despues\/#primaryimage\",\"url\":\"https:\/\/labiaplastynewyorkcity.com\/wp-content\/uploads\/2022\/06\/before-and-after-photos-labiaplasty-treatments-in-nyc.jpg\",\"contentUrl\":\"https:\/\/labiaplastynewyorkcity.com\/wp-content\/uploads\/2022\/06\/before-and-after-photos-labiaplasty-treatments-in-nyc.jpg\"},{\"@type\":\"BreadcrumbList\",\"@id\":\"https:\/\/labiaplastynewyorkcity.com\/es\/fotos-antes-y-despues\/#breadcrumb\",\"itemListElement\":[{\"@type\":\"ListItem\",\"position\":1,\"name\":\"Home\",\"item\":\"https:\/\/labiaplastynewyorkcity.com\/es\/\"},{\"@type\":\"ListItem\",\"position\":2,\"name\":\"Fotos de antes y despu\u00e9s\"}]},{\"@type\":\"WebSite\",\"@id\":\"https:\/\/labiaplastynewyorkcity.com\/es\/#website\",\"url\":\"https:\/\/labiaplastynewyorkcity.com\/es\/\",\"name\":\"Labiaplasty NYC\",\"description\":\"Minimally Invasive Gynecological and Pelvic Reconstructive Surgery\",\"publisher\":{\"@id\":\"https:\/\/labiaplastynewyorkcity.com\/es\/#organization\"},\"potentialAction\":[{\"@type\":\"SearchAction\",\"target\":{\"@type\":\"EntryPoint\",\"urlTemplate\":\"https:\/\/labiaplastynewyorkcity.com\/es\/?s={search_term_string}\"},\"query-input\":{\"@type\":\"PropertyValueSpecification\",\"valueRequired\":true,\"valueName\":\"search_term_string\"}}],\"inLanguage\":\"es\"},{\"@type\":\"Organization\",\"@id\":\"https:\/\/labiaplastynewyorkcity.com\/es\/#organization\",\"name\":\"Labiaplasty NYC\",\"url\":\"https:\/\/labiaplastynewyorkcity.com\/es\/\",\"logo\":{\"@type\":\"ImageObject\",\"inLanguage\":\"es\",\"@id\":\"https:\/\/labiaplastynewyorkcity.com\/es\/#\/schema\/logo\/image\/\",\"url\":\"https:\/\/labiaplastynewyorkcity.com\/wp-content\/uploads\/2025\/02\/labiaplasty-nyc-logo.png\",\"contentUrl\":\"https:\/\/labiaplastynewyorkcity.com\/wp-content\/uploads\/2025\/02\/labiaplasty-nyc-logo.png\",\"width\":834,\"height\":278,\"caption\":\"Labiaplasty NYC\"},\"image\":{\"@id\":\"https:\/\/labiaplastynewyorkcity.com\/es\/#\/schema\/logo\/image\/\"}}]}<\/script>\n<!-- \/ Yoast SEO plugin. -->","yoast_head_json":{"title":"Fotos de antes y despu\u00e9s - Labiaplasty NYC","description":"Ver fotos de antes y despu\u00e9s de tratamientos de labioplastia y rejuvenecimiento vaginal realizados por el Dr. Ammar Mahmoud en NYC. Consulta los resultados de pacientes reales.","robots":{"index":"index","follow":"follow","max-snippet":"max-snippet:-1","max-image-preview":"max-image-preview:large","max-video-preview":"max-video-preview:-1"},"canonical":"https:\/\/labiaplastynewyorkcity.com\/es\/fotos-antes-y-despues\/","og_locale":"es_ES","og_type":"article","og_title":"Fotos de antes y despu\u00e9s - Labiaplasty NYC","og_description":"Ver fotos de antes y despu\u00e9s de tratamientos de labioplastia y rejuvenecimiento vaginal realizados por el Dr. Ammar Mahmoud en NYC. Consulta los resultados de pacientes reales.","og_url":"https:\/\/labiaplastynewyorkcity.com\/es\/fotos-antes-y-despues\/","og_site_name":"Labiaplasty NYC","article_modified_time":"2025-05-29T10:09:01+00:00","og_image":[{"url":"https:\/\/labiaplastynewyorkcity.com\/wp-content\/uploads\/2022\/06\/before-and-after-photos-labiaplasty-treatments-in-nyc.jpg","type":"","width":"","height":""}],"twitter_card":"summary_large_image","twitter_misc":{"Tiempo de lectura":"1 minuto"},"schema":{"@context":"https:\/\/schema.org","@graph":[{"@type":"WebPage","@id":"https:\/\/labiaplastynewyorkcity.com\/es\/fotos-antes-y-despues\/","url":"https:\/\/labiaplastynewyorkcity.com\/es\/fotos-antes-y-despues\/","name":"Fotos de antes y despu\u00e9s - Labiaplasty NYC","isPartOf":{"@id":"https:\/\/labiaplastynewyorkcity.com\/es\/#website"},"primaryImageOfPage":{"@id":"https:\/\/labiaplastynewyorkcity.com\/es\/fotos-antes-y-despues\/#primaryimage"},"image":{"@id":"https:\/\/labiaplastynewyorkcity.com\/es\/fotos-antes-y-despues\/#primaryimage"},"thumbnailUrl":"https:\/\/labiaplastynewyorkcity.com\/wp-content\/uploads\/2022\/06\/before-and-after-photos-labiaplasty-treatments-in-nyc.jpg","datePublished":"2021-12-16T01:44:58+00:00","dateModified":"2025-05-29T10:09:01+00:00","description":"Ver fotos de antes y despu\u00e9s de tratamientos de labioplastia y rejuvenecimiento vaginal realizados por el Dr. Ammar Mahmoud en NYC. Consulta los resultados de pacientes reales.","breadcrumb":{"@id":"https:\/\/labiaplastynewyorkcity.com\/es\/fotos-antes-y-despues\/#breadcrumb"},"inLanguage":"es","potentialAction":[{"@type":"ReadAction","target":["https:\/\/labiaplastynewyorkcity.com\/es\/fotos-antes-y-despues\/"]}]},{"@type":"ImageObject","inLanguage":"es","@id":"https:\/\/labiaplastynewyorkcity.com\/es\/fotos-antes-y-despues\/#primaryimage","url":"https:\/\/labiaplastynewyorkcity.com\/wp-content\/uploads\/2022\/06\/before-and-after-photos-labiaplasty-treatments-in-nyc.jpg","contentUrl":"https:\/\/labiaplastynewyorkcity.com\/wp-content\/uploads\/2022\/06\/before-and-after-photos-labiaplasty-treatments-in-nyc.jpg"},{"@type":"BreadcrumbList","@id":"https:\/\/labiaplastynewyorkcity.com\/es\/fotos-antes-y-despues\/#breadcrumb","itemListElement":[{"@type":"ListItem","position":1,"name":"Home","item":"https:\/\/labiaplastynewyorkcity.com\/es\/"},{"@type":"ListItem","position":2,"name":"Fotos de antes y despu\u00e9s"}]},{"@type":"WebSite","@id":"https:\/\/labiaplastynewyorkcity.com\/es\/#website","url":"https:\/\/labiaplastynewyorkcity.com\/es\/","name":"Labiaplasty NYC","description":"Minimally Invasive Gynecological and Pelvic Reconstructive Surgery","publisher":{"@id":"https:\/\/labiaplastynewyorkcity.com\/es\/#organization"},"potentialAction":[{"@type":"SearchAction","target":{"@type":"EntryPoint","urlTemplate":"https:\/\/labiaplastynewyorkcity.com\/es\/?s={search_term_string}"},"query-input":{"@type":"PropertyValueSpecification","valueRequired":true,"valueName":"search_term_string"}}],"inLanguage":"es"},{"@type":"Organization","@id":"https:\/\/labiaplastynewyorkcity.com\/es\/#organization","name":"Labiaplasty NYC","url":"https:\/\/labiaplastynewyorkcity.com\/es\/","logo":{"@type":"ImageObject","inLanguage":"es","@id":"https:\/\/labiaplastynewyorkcity.com\/es\/#\/schema\/logo\/image\/","url":"https:\/\/labiaplastynewyorkcity.com\/wp-content\/uploads\/2025\/02\/labiaplasty-nyc-logo.png","contentUrl":"https:\/\/labiaplastynewyorkcity.com\/wp-content\/uploads\/2025\/02\/labiaplasty-nyc-logo.png","width":834,"height":278,"caption":"Labiaplasty NYC"},"image":{"@id":"https:\/\/labiaplastynewyorkcity.com\/es\/#\/schema\/logo\/image\/"}}]}},"featured_image_src":null,"featured_image_src_square":null,"_links":{"self":[{"href":"https:\/\/labiaplastynewyorkcity.com\/es\/wp-json\/wp\/v2\/pages\/7510","targetHints":{"allow":["GET"]}}],"collection":[{"href":"https:\/\/labiaplastynewyorkcity.com\/es\/wp-json\/wp\/v2\/pages"}],"about":[{"href":"https:\/\/labiaplastynewyorkcity.com\/es\/wp-json\/wp\/v2\/types\/page"}],"author":[{"embeddable":true,"href":"https:\/\/labiaplastynewyorkcity.com\/es\/wp-json\/wp\/v2\/users\/3"}],"replies":[{"embeddable":true,"href":"https:\/\/labiaplastynewyorkcity.com\/es\/wp-json\/wp\/v2\/comments?post=7510"}],"version-history":[{"count":0,"href":"https:\/\/labiaplastynewyorkcity.com\/es\/wp-json\/wp\/v2\/pages\/7510\/revisions"}],"wp:attachment":[{"href":"https:\/\/labiaplastynewyorkcity.com\/es\/wp-json\/wp\/v2\/media?parent=7510"}],"curies":[{"name":"wp","href":"https:\/\/api.w.org\/{rel}","templated":true}]}}