{"id":7375,"date":"2019-09-18T08:58:16","date_gmt":"2019-09-18T08:58:16","guid":{"rendered":"https:\/\/labiaplastynewyorkcity.com\/sobre-nosotros\/"},"modified":"2026-03-28T10:23:24","modified_gmt":"2026-03-28T10:23:24","slug":"sobre","status":"publish","type":"page","link":"https:\/\/labiaplastynewyorkcity.com\/es\/sobre\/","title":{"rendered":"Qui\u00e9nes somos"},"content":{"rendered":"\n<div class=\"wp-block-media-text alignfull is-stacked-on-mobile animated fadeIn\"><figure class=\"wp-block-media-text__media\"><img decoding=\"async\" width=\"929\" height=\"991\" src=\"https:\/\/labiaplastynewyorkcity.com\/wp-content\/uploads\/2024\/12\/about-labiaplasty-new-york-city.jpg\" alt=\"Acerca de la labioplastia en Nueva York\" class=\"wp-image-14197 size-full\"\/><\/figure><div class=\"wp-block-media-text__content\">\n<div class=\"wp-block-group animated fadeInLeft delay-100ms\"><div class=\"wp-block-group__inner-container is-layout-flow wp-block-group-is-layout-flow\">\n<div style=\"height:80px\" aria-hidden=\"true\" class=\"wp-block-spacer global-spacer\"><\/div>\n\n\n\n<h1 class=\"wp-block-heading animated fadeIn\">Sobre la Labioplastia NYC<\/h1>\n\n\n\n<p>En Labioplastia NYC, un centro de cirug\u00eda ginecol\u00f3gica y de rejuvenecimiento vaginal m\u00ednimamente invasiva, comprendemos que las necesidades sanitarias de cada mujer son muy personales y \u00fanicas. Tanto si tus preocupaciones son de naturaleza est\u00e9tica como funcional, nuestro equipo altamente experimentado ofrece los procedimientos de rejuvenecimiento vaginal m\u00e1s avanzados para abordar todas tus preocupaciones \u00edntimas. Hemos realizado m\u00e1s de mil intervenciones en nuestras cl\u00ednicas de labioplastia de Nueva York y Long Island.  <\/p>\n\n\n\n<p>Desde el rejuvenecimiento vaginal est\u00e9tico, que incluye la labioplastia y la vaginoplastia, hasta la transferencia de grasa vaginal y la reducci\u00f3n del capuch\u00f3n del cl\u00edtoris, nuestra cl\u00ednica especializada en salud femenina est\u00e1 aqu\u00ed para atender todas tus necesidades individuales. Nuestros destacados cirujanos ginec\u00f3logos, el Dr. Kayvan Rosstin y la Dra. Mona Hardas, personalizar\u00e1n tus cuidados para que te veas y te sientas lo mejor posible, ayud\u00e1ndote a mejorar las sensaciones, el aspecto y la confianza. <\/p>\n\n\n\n<div class=\"wp-block-buttons is-layout-flex wp-block-buttons-is-layout-flex\">\n<div class=\"wp-block-button is-style-outline animated zoomIn is-style-outline--1\"><a class=\"wp-block-button__link wp-element-button\" href=\"tel:(212) 451-9424\">Hablemos (212) 451-9424<\/a><\/div>\n<\/div>\n\n\n\n<div style=\"height:80px\" aria-hidden=\"true\" class=\"wp-block-spacer global-spacer invisible-on-tablet\"><\/div>\n<\/div><\/div>\n<\/div><\/div>\n\n<div class=\"wp-block-group alignfull marquee animated zoomIn slow\"><div class=\"wp-block-group__inner-container is-layout-flow wp-block-group-is-layout-flow\">\n<div style=\"height:80px\" aria-hidden=\"true\" class=\"wp-block-spacer global-spacer\"><\/div>\n\n\n\n<figure class=\"wp-block-gallery alignwide has-nested-images columns-6 logos wp-block-gallery-2 is-layout-flex wp-block-gallery-is-layout-flex\">\n<figure class=\"wp-block-image size-medium\"><img decoding=\"async\" width=\"202\" height=\"194\" data-id=\"6217\" src=\"https:\/\/labiaplastynewyorkcity.com\/wp-content\/uploads\/2022\/05\/Memeber-of-the-American-Academy-of-Cosmetic-Surgery.png\" alt=\"Miembro de la Academia Americana de Cirug&#xED;a Est&#xE9;tica\" class=\"wp-image-6217\"\/><\/figure>\n\n\n\n<figure class=\"wp-block-image size-medium\"><img decoding=\"async\" width=\"568\" height=\"194\" data-id=\"6218\" src=\"https:\/\/labiaplastynewyorkcity.com\/wp-content\/uploads\/2022\/05\/Memeber-of-the-American-College-of-Obstetricians-and-Gynecologists.png\" alt=\"Miembro del Colegio Americano de Obstetras y Ginec&#xF3;logos\" class=\"wp-image-6218\"\/><\/figure>\n\n\n\n<figure class=\"wp-block-image size-medium\"><img decoding=\"async\" width=\"528\" height=\"194\" data-id=\"6219\" src=\"https:\/\/labiaplastynewyorkcity.com\/wp-content\/uploads\/2022\/05\/Memeber-of-the-American-Society-of-Cosmetic-Laser-Surgery.png\" alt=\"Miembro de la Sociedad Americana de Cirug&#xED;a L&#xE1;ser Est&#xE9;tica\" class=\"wp-image-6219\"\/><\/figure>\n\n\n\n<figure class=\"wp-block-image size-medium\"><img decoding=\"async\" width=\"190\" height=\"194\" data-id=\"6220\" src=\"https:\/\/labiaplastynewyorkcity.com\/wp-content\/uploads\/2022\/05\/Memeber-of-the-American-Society-of-Liposuction-Surgery.png\" alt=\"Miembro de la Sociedad Americana de Cirug&#xED;a de Liposucci&#xF3;n\" class=\"wp-image-6220\"\/><\/figure>\n\n\n\n<figure class=\"wp-block-image size-medium\"><img decoding=\"async\" width=\"644\" height=\"194\" data-id=\"6221\" src=\"https:\/\/labiaplastynewyorkcity.com\/wp-content\/uploads\/2022\/05\/Memeber-of-the-International-Cosmetic-Gynecology-Conference.png\" alt=\"Miembro de la Conferencia Internacional de Ginecolog&#xED;a Est&#xE9;tica\" class=\"wp-image-6221\"\/><\/figure>\n\n\n\n<figure class=\"wp-block-image size-medium\"><img decoding=\"async\" width=\"626\" height=\"194\" data-id=\"6222\" src=\"https:\/\/labiaplastynewyorkcity.com\/wp-content\/uploads\/2022\/05\/Memeber-of-the-International-Society-of-Cosmetogynecology.png\" alt=\"Miembro de la Sociedad Internacional de Cosmetoginecolog&#xED;a\" class=\"wp-image-6222\"\/><\/figure>\n\n\n\n<figure class=\"wp-block-image size-full\"><img decoding=\"async\" width=\"217\" height=\"84\" data-id=\"12238\" src=\"https:\/\/labiaplastynewyorkcity.com\/wp-content\/uploads\/2024\/02\/american-aesthetic-association.png\" alt=\"asociaci&#xF3;n americana de est&#xE9;tica\" class=\"wp-image-12238\"\/><\/figure>\n\n\n\n<figure class=\"wp-block-image size-medium\"><img decoding=\"async\" width=\"300\" height=\"226\" data-id=\"12240\" src=\"https:\/\/labiaplastynewyorkcity.com\/wp-content\/uploads\/2024\/02\/american-board-of-cosmetic-surgery-300x226.png\" alt=\"consejo americano de cirug&#xED;a est&#xE9;tica\" class=\"wp-image-12240\"\/><\/figure>\n\n\n\n<figure class=\"wp-block-image size-medium\"><img decoding=\"async\" width=\"226\" height=\"300\" data-id=\"12242\" src=\"https:\/\/labiaplastynewyorkcity.com\/wp-content\/uploads\/2024\/02\/functional-gynecology-institute-226x300.png\" alt=\"instituto de ginecolog&#xED;a funcional\" class=\"wp-image-12242\"\/><\/figure>\n\n\n\n<figure class=\"wp-block-image size-full\"><img decoding=\"async\" width=\"500\" height=\"194\" data-id=\"13248\" src=\"https:\/\/labiaplastynewyorkcity.com\/wp-content\/uploads\/2024\/08\/carecredit-2.png\" alt=\"CareCredit\" class=\"wp-image-13248\"\/><\/figure>\n\n\n\n<figure class=\"wp-block-image size-full\"><img decoding=\"async\" width=\"450\" height=\"194\" data-id=\"13279\" src=\"https:\/\/labiaplastynewyorkcity.com\/wp-content\/uploads\/2024\/08\/patientfi-9.png\" alt=\"PatientFi\" class=\"wp-image-13279\"\/><\/figure>\n\n\n\n<figure class=\"wp-block-image size-full\"><img decoding=\"async\" width=\"550\" height=\"194\" data-id=\"13246\" src=\"https:\/\/labiaplastynewyorkcity.com\/wp-content\/uploads\/2024\/08\/allegro-credit-5.png\" alt=\"Cr&#xE9;dito Allegro\" class=\"wp-image-13246\"\/><\/figure>\n<\/figure>\n\n\n\n<div style=\"height:80px\" aria-hidden=\"true\" class=\"wp-block-spacer global-spacer\"><\/div>\n<\/div><\/div>\n\n<div class=\"wp-block-media-text alignfull has-media-on-the-right is-stacked-on-mobile animated fadeIn\"><div class=\"wp-block-media-text__content\">\n<div class=\"wp-block-group animated fadeInLeft delay-100ms\"><div class=\"wp-block-group__inner-container is-layout-flow wp-block-group-is-layout-flow\">\n<div style=\"height:80px\" aria-hidden=\"true\" class=\"wp-block-spacer global-spacer\"><\/div>\n\n\n\n<h2 class=\"wp-block-heading animated fadeIn\">Dr. Kayvan A. Rosstin, M.D.<\/h2>\n\n\n\n<h4 class=\"wp-block-heading\"><em>Cirujano pl\u00e1stico<\/em><\/h4>\n\n\n\n<p>El Dr. Kayvan Rosstin, cirujano pl\u00e1stico colegiado, es una figura destacada en los procedimientos de rejuvenecimiento vaginal, como la labioplastia, la vaginoplastia y la reducci\u00f3n del capuch\u00f3n del cl\u00edtoris. Con m\u00e1s de una d\u00e9cada de experiencia, aprovecha t\u00e9cnicas avanzadas como los tratamientos con l\u00e1ser y radiofrecuencia para tratar problemas funcionales y est\u00e9ticos. Como miembro de respetadas organizaciones m\u00e9dicas, el Dr. Rosstin se compromete a proporcionar una atenci\u00f3n personalizada y a lograr resultados naturales que aumenten la confianza y mejoren el bienestar.  <\/p>\n\n\n\n<div class=\"wp-block-buttons is-content-justification-left is-layout-flex wp-container-core-buttons-is-layout-fdcfc74e wp-block-buttons-is-layout-flex\">\n<div class=\"wp-block-button is-style-outline is-style-outline--3\"><a class=\"wp-block-button__link wp-element-button\" href=\"https:\/\/labiaplastynewyorkcity.com\/es\/sobre\/dr-kayvan-rosstin\/\">SABER M\u00c1S<\/a><\/div>\n<\/div>\n\n\n\n<div style=\"height:80px\" aria-hidden=\"true\" class=\"wp-block-spacer global-spacer invisible-on-tablet\"><\/div>\n<\/div><\/div>\n<\/div><figure class=\"wp-block-media-text__media\"><img decoding=\"async\" width=\"960\" height=\"960\" src=\"https:\/\/labiaplastynewyorkcity.com\/wp-content\/uploads\/2024\/11\/dr.-kayvan-rosstin-1.jpg\" alt=\"experto en rejuvenecimiento vaginal cerca de m\u00ed\" class=\"wp-image-14089 size-full\"\/><\/figure><\/div>\n\n<div style=\"height:80px\" aria-hidden=\"true\" class=\"wp-block-spacer global-spacer\"><\/div>\n\n<div class=\"wp-block-media-text alignfull is-stacked-on-mobile animated fadeIn\"><figure class=\"wp-block-media-text__media\"><img decoding=\"async\" width=\"968\" height=\"1004\" src=\"https:\/\/labiaplastynewyorkcity.com\/wp-content\/uploads\/2024\/11\/dr.-mona-hardas.jpg\" alt=\"rejuvenecimiento vaginal m\u00e9dico cerca de m\u00ed\" class=\"wp-image-14100 size-full\"\/><\/figure><div class=\"wp-block-media-text__content\">\n<div class=\"wp-block-group animated fadeInLeft delay-100ms\"><div class=\"wp-block-group__inner-container is-layout-flow wp-block-group-is-layout-flow\">\n<div style=\"height:80px\" aria-hidden=\"true\" class=\"wp-block-spacer global-spacer\"><\/div>\n\n\n\n<h2 class=\"wp-block-heading animated fadeIn\">Dra. Mona Hardas, M.D.<\/h2>\n\n\n\n<h4 class=\"wp-block-heading\"><em>Cirujano ginec\u00f3logo est\u00e9tico colegiado<\/em><\/h4>\n\n\n\n<p>La Dra. Mona Hardas, cirujana ginecol\u00f3gica cosm\u00e9tica certificada, se centra en procedimientos de rejuvenecimiento vaginal m\u00ednimamente invasivos, como la labioplastia, el estiramiento vaginal y los tratamientos con l\u00e1ser. Como miembro de prestigiosas sociedades m\u00e9dicas y experta en salud ginecol\u00f3gica femenina, utiliza tecnolog\u00eda de radiofrecuencia de vanguardia y t\u00e9cnicas no quir\u00fargicas para ofrecer resultados transformadores. La filosof\u00eda de la Dra. Hardas, en la que el paciente es lo primero, garantiza la mejora de la funcionalidad, la comodidad y la confianza de cada persona.  <\/p>\n\n\n\n<div class=\"wp-block-buttons is-content-justification-left is-layout-flex wp-container-core-buttons-is-layout-fdcfc74e wp-block-buttons-is-layout-flex\">\n<div class=\"wp-block-button is-style-outline is-style-outline--4\"><a class=\"wp-block-button__link wp-element-button\" href=\"https:\/\/labiaplastynewyorkcity.com\/es\/sobre\/dr-mona-hardas\/\">SABER M\u00c1S<\/a><\/div>\n<\/div>\n\n\n\n<div style=\"height:80px\" aria-hidden=\"true\" class=\"wp-block-spacer global-spacer invisible-on-tablet\"><\/div>\n<\/div><\/div>\n<\/div><\/div>\n\n<div style=\"height:80px\" aria-hidden=\"true\" class=\"wp-block-spacer global-spacer invisible-on-mobile\"><\/div>\n\n<div class=\"wp-block-media-text alignfull has-media-on-the-right is-stacked-on-mobile animated fadeIn\"><div class=\"wp-block-media-text__content\">\n<div class=\"wp-block-group animated fadeInLeft delay-100ms\"><div class=\"wp-block-group__inner-container is-layout-flow wp-block-group-is-layout-flow\">\n<div style=\"height:80px\" aria-hidden=\"true\" class=\"wp-block-spacer global-spacer\"><\/div>\n\n\n\n<h2 class=\"wp-block-heading animated fadeIn\">Dra. Noreen Mostafavi, M.D.<\/h2>\n\n\n\n<h4 class=\"wp-block-heading\"><em>M\u00e9dico especialista en medicina est\u00e9tica y cirujano ginecol\u00f3gico est\u00e9tico colegiado<\/em><\/h4>\n\n\n\n<p>Como m\u00e9dico certificado, la Dra. Noreen Mostafavi combina conocimientos avanzados en ginecolog\u00eda cosm\u00e9tica con una amplia formaci\u00f3n en medicina est\u00e9tica. Proporciona atenci\u00f3n experta en rejuvenecimiento vaginal, terapias con l\u00e1ser y procedimientos est\u00e9ticos \u00edntimos, adaptando cada tratamiento a las necesidades \u00fanicas de sus pacientes. Se dedica a ofrecer una atenci\u00f3n segura y personalizada que promueve la salud y la confianza de las mujeres.  <\/p>\n\n\n\n<div class=\"wp-block-buttons is-content-justification-left is-layout-flex wp-container-core-buttons-is-layout-fdcfc74e wp-block-buttons-is-layout-flex\">\n<div class=\"wp-block-button is-style-outline is-style-outline--5\"><a class=\"wp-block-button__link wp-element-button\" href=\"https:\/\/labiaplastynewyorkcity.com\/es\/sobre\/dr-noreen-mostafavi\/\">SABER M\u00c1S<\/a><\/div>\n<\/div>\n\n\n\n<div style=\"height:80px\" aria-hidden=\"true\" class=\"wp-block-spacer global-spacer invisible-on-tablet\"><\/div>\n<\/div><\/div>\n<\/div><figure class=\"wp-block-media-text__media\"><img decoding=\"async\" width=\"799\" height=\"717\" src=\"https:\/\/labiaplastynewyorkcity.com\/wp-content\/uploads\/2025\/08\/dr.-noreen-mostafavi-2.jpg\" alt=\"Dra. Noreen Mostafavi\" class=\"wp-image-15812 size-full\"\/><\/figure><\/div>\n\n<div style=\"height:80px\" aria-hidden=\"true\" class=\"wp-block-spacer global-spacer invisible-on-mobile\"><\/div>\n\n<div class=\"wp-block-media-text alignfull is-stacked-on-mobile\"><figure class=\"wp-block-media-text__media\"><img decoding=\"async\" width=\"900\" height=\"930\" src=\"https:\/\/labiaplastynewyorkcity.com\/wp-content\/uploads\/2024\/02\/free-vaginal-rejuvenation-consultation-in-new-york-city.jpg\" alt=\"Consulta gratuita sobre rejuvenecimiento vaginal en Nueva York\" class=\"wp-image-12394 size-full\"\/><\/figure><div class=\"wp-block-media-text__content\">\n<div style=\"height:80px\" aria-hidden=\"true\" class=\"wp-block-spacer global-spacer\"><\/div>\n\n\n\n<div class=\"wp-block-group animated fadeInLeft delay-100ms\"><div class=\"wp-block-group__inner-container is-layout-flow wp-block-group-is-layout-flow\">\n<h2 class=\"wp-block-heading has-text-align-left animated fadeIn\">Reserva una consulta individual gratuita<\/h2>\n\n\n\n<p>En Labiaplasty NYC, por tiempo limitado, ofrecemos a cada nuevo paciente una consulta GRATUITA y sin compromiso para que venga a ver nuestra cl\u00ednica, conozca a nuestro personal y averig\u00fce cu\u00e1l de nuestros servicios puede ser ideal para TI.<\/p>\n\n\n\n<p>Te daremos un presupuesto transparente del precio de la labioplastia, vaginoplastia o cualquier otro servicio que te interese.<\/p>\n\n\n\n<div class=\"wp-block-buttons is-layout-flex wp-block-buttons-is-layout-flex\">\n<div class=\"wp-block-button is-style-outline animated zoomIn is-style-outline--6\"><a class=\"wp-block-button__link wp-element-button\" href=\"https:\/\/labiaplastynewyorkcity.com\/es\/agenda-cita\/\">RESERVA AHORA<\/a><\/div>\n<\/div>\n<\/div><\/div>\n\n\n\n<div style=\"height:80px\" aria-hidden=\"true\" class=\"wp-block-spacer global-spacer\"><\/div>\n<\/div><\/div>\n","protected":false},"excerpt":{"rendered":"","protected":false},"author":3,"featured_media":12393,"parent":0,"menu_order":0,"comment_status":"closed","ping_status":"closed","template":"page-templates\/blocks.php","meta":{"_acf_changed":false,"_genesis_hide_title":false,"_genesis_hide_breadcrumbs":false,"_genesis_hide_singular_image":false,"_genesis_hide_footer_widgets":false,"_genesis_custom_body_class":"","_genesis_custom_post_class":"","_genesis_layout":"","footnotes":""},"class_list":{"0":"post-7375","1":"page","2":"type-page","3":"status-publish","4":"has-post-thumbnail","6":"entry"},"acf":[],"yoast_head":"<!-- This site is optimized with the Yoast SEO plugin v27.2 - https:\/\/yoast.com\/product\/yoast-seo-wordpress\/ -->\n<title>Sobre nosotros - Labioplastia NYC<\/title>\n<meta name=\"description\" content=\"Labioplastia NYC es un centro especializado en cirug\u00eda de reconstrucci\u00f3n y rejuvenecimiento vaginal en Nueva York, especializado en mejorar el aspecto de los labios desiguales o agrandados, as\u00ed como en reducir el dolor.\" \/>\n<meta name=\"robots\" content=\"index, follow, max-snippet:-1, max-image-preview:large, max-video-preview:-1\" \/>\n<link rel=\"canonical\" href=\"https:\/\/labiaplastynewyorkcity.com\/es\/sobre\/\" \/>\n<meta property=\"og:locale\" content=\"es_ES\" \/>\n<meta property=\"og:type\" content=\"article\" \/>\n<meta property=\"og:title\" content=\"Sobre nosotros - Labioplastia NYC\" \/>\n<meta property=\"og:description\" content=\"Labioplastia NYC es un centro especializado en cirug\u00eda de reconstrucci\u00f3n y rejuvenecimiento vaginal en Nueva York, especializado en mejorar el aspecto de los labios desiguales o agrandados, as\u00ed como en reducir el dolor.\" \/>\n<meta property=\"og:url\" content=\"https:\/\/labiaplastynewyorkcity.com\/es\/sobre\/\" \/>\n<meta property=\"og:site_name\" content=\"Labiaplasty NYC\" \/>\n<meta property=\"article:modified_time\" content=\"2026-03-28T10:23:24+00:00\" \/>\n<meta property=\"og:image\" content=\"https:\/\/labiaplastynewyorkcity.com\/wp-content\/uploads\/2024\/02\/about-labiaplasty-new-york-city.jpg\" \/>\n\t<meta property=\"og:image:width\" content=\"900\" \/>\n\t<meta property=\"og:image:height\" content=\"960\" \/>\n\t<meta property=\"og:image:type\" content=\"image\/jpeg\" \/>\n<meta name=\"twitter:card\" content=\"summary_large_image\" \/>\n<meta name=\"twitter:label1\" content=\"Tiempo de lectura\" \/>\n\t<meta name=\"twitter:data1\" content=\"4 minutos\" \/>\n<script type=\"application\/ld+json\" class=\"yoast-schema-graph\">{\"@context\":\"https:\/\/schema.org\",\"@graph\":[{\"@type\":\"WebPage\",\"@id\":\"https:\/\/labiaplastynewyorkcity.com\/es\/sobre\/\",\"url\":\"https:\/\/labiaplastynewyorkcity.com\/es\/sobre\/\",\"name\":\"Sobre nosotros - Labioplastia NYC\",\"isPartOf\":{\"@id\":\"https:\/\/labiaplastynewyorkcity.com\/es\/#website\"},\"primaryImageOfPage\":{\"@id\":\"https:\/\/labiaplastynewyorkcity.com\/es\/sobre\/#primaryimage\"},\"image\":{\"@id\":\"https:\/\/labiaplastynewyorkcity.com\/es\/sobre\/#primaryimage\"},\"thumbnailUrl\":\"https:\/\/labiaplastynewyorkcity.com\/wp-content\/uploads\/2024\/02\/about-labiaplasty-new-york-city.jpg\",\"datePublished\":\"2019-09-18T08:58:16+00:00\",\"dateModified\":\"2026-03-28T10:23:24+00:00\",\"description\":\"Labioplastia NYC es un centro especializado en cirug\u00eda de reconstrucci\u00f3n y rejuvenecimiento vaginal en Nueva York, especializado en mejorar el aspecto de los labios desiguales o agrandados, as\u00ed como en reducir el dolor.\",\"breadcrumb\":{\"@id\":\"https:\/\/labiaplastynewyorkcity.com\/es\/sobre\/#breadcrumb\"},\"inLanguage\":\"es\",\"potentialAction\":[{\"@type\":\"ReadAction\",\"target\":[\"https:\/\/labiaplastynewyorkcity.com\/es\/sobre\/\"]}]},{\"@type\":\"ImageObject\",\"inLanguage\":\"es\",\"@id\":\"https:\/\/labiaplastynewyorkcity.com\/es\/sobre\/#primaryimage\",\"url\":\"https:\/\/labiaplastynewyorkcity.com\/wp-content\/uploads\/2024\/02\/about-labiaplasty-new-york-city.jpg\",\"contentUrl\":\"https:\/\/labiaplastynewyorkcity.com\/wp-content\/uploads\/2024\/02\/about-labiaplasty-new-york-city.jpg\",\"width\":900,\"height\":960,\"caption\":\"Acerca de la labioplastia en Nueva York\"},{\"@type\":\"BreadcrumbList\",\"@id\":\"https:\/\/labiaplastynewyorkcity.com\/es\/sobre\/#breadcrumb\",\"itemListElement\":[{\"@type\":\"ListItem\",\"position\":1,\"name\":\"Home\",\"item\":\"https:\/\/labiaplastynewyorkcity.com\/es\/\"},{\"@type\":\"ListItem\",\"position\":2,\"name\":\"Qui\u00e9nes somos\"}]},{\"@type\":\"WebSite\",\"@id\":\"https:\/\/labiaplastynewyorkcity.com\/es\/#website\",\"url\":\"https:\/\/labiaplastynewyorkcity.com\/es\/\",\"name\":\"Labiaplasty NYC\",\"description\":\"Minimally Invasive Gynecological and Pelvic Reconstructive Surgery\",\"publisher\":{\"@id\":\"https:\/\/labiaplastynewyorkcity.com\/es\/#organization\"},\"potentialAction\":[{\"@type\":\"SearchAction\",\"target\":{\"@type\":\"EntryPoint\",\"urlTemplate\":\"https:\/\/labiaplastynewyorkcity.com\/es\/?s={search_term_string}\"},\"query-input\":{\"@type\":\"PropertyValueSpecification\",\"valueRequired\":true,\"valueName\":\"search_term_string\"}}],\"inLanguage\":\"es\"},{\"@type\":\"Organization\",\"@id\":\"https:\/\/labiaplastynewyorkcity.com\/es\/#organization\",\"name\":\"Labiaplasty NYC\",\"url\":\"https:\/\/labiaplastynewyorkcity.com\/es\/\",\"logo\":{\"@type\":\"ImageObject\",\"inLanguage\":\"es\",\"@id\":\"https:\/\/labiaplastynewyorkcity.com\/es\/#\/schema\/logo\/image\/\",\"url\":\"https:\/\/labiaplastynewyorkcity.com\/wp-content\/uploads\/2025\/02\/labiaplasty-nyc-logo.png\",\"contentUrl\":\"https:\/\/labiaplastynewyorkcity.com\/wp-content\/uploads\/2025\/02\/labiaplasty-nyc-logo.png\",\"width\":834,\"height\":278,\"caption\":\"Labiaplasty NYC\"},\"image\":{\"@id\":\"https:\/\/labiaplastynewyorkcity.com\/es\/#\/schema\/logo\/image\/\"}}]}<\/script>\n<!-- \/ Yoast SEO plugin. -->","yoast_head_json":{"title":"Sobre nosotros - Labioplastia NYC","description":"Labioplastia NYC es un centro especializado en cirug\u00eda de reconstrucci\u00f3n y rejuvenecimiento vaginal en Nueva York, especializado en mejorar el aspecto de los labios desiguales o agrandados, as\u00ed como en reducir el dolor.","robots":{"index":"index","follow":"follow","max-snippet":"max-snippet:-1","max-image-preview":"max-image-preview:large","max-video-preview":"max-video-preview:-1"},"canonical":"https:\/\/labiaplastynewyorkcity.com\/es\/sobre\/","og_locale":"es_ES","og_type":"article","og_title":"Sobre nosotros - Labioplastia NYC","og_description":"Labioplastia NYC es un centro especializado en cirug\u00eda de reconstrucci\u00f3n y rejuvenecimiento vaginal en Nueva York, especializado en mejorar el aspecto de los labios desiguales o agrandados, as\u00ed como en reducir el dolor.","og_url":"https:\/\/labiaplastynewyorkcity.com\/es\/sobre\/","og_site_name":"Labiaplasty NYC","article_modified_time":"2026-03-28T10:23:24+00:00","og_image":[{"width":900,"height":960,"url":"https:\/\/labiaplastynewyorkcity.com\/wp-content\/uploads\/2024\/02\/about-labiaplasty-new-york-city.jpg","type":"image\/jpeg"}],"twitter_card":"summary_large_image","twitter_misc":{"Tiempo de lectura":"4 minutos"},"schema":{"@context":"https:\/\/schema.org","@graph":[{"@type":"WebPage","@id":"https:\/\/labiaplastynewyorkcity.com\/es\/sobre\/","url":"https:\/\/labiaplastynewyorkcity.com\/es\/sobre\/","name":"Sobre nosotros - Labioplastia NYC","isPartOf":{"@id":"https:\/\/labiaplastynewyorkcity.com\/es\/#website"},"primaryImageOfPage":{"@id":"https:\/\/labiaplastynewyorkcity.com\/es\/sobre\/#primaryimage"},"image":{"@id":"https:\/\/labiaplastynewyorkcity.com\/es\/sobre\/#primaryimage"},"thumbnailUrl":"https:\/\/labiaplastynewyorkcity.com\/wp-content\/uploads\/2024\/02\/about-labiaplasty-new-york-city.jpg","datePublished":"2019-09-18T08:58:16+00:00","dateModified":"2026-03-28T10:23:24+00:00","description":"Labioplastia NYC es un centro especializado en cirug\u00eda de reconstrucci\u00f3n y rejuvenecimiento vaginal en Nueva York, especializado en mejorar el aspecto de los labios desiguales o agrandados, as\u00ed como en reducir el dolor.","breadcrumb":{"@id":"https:\/\/labiaplastynewyorkcity.com\/es\/sobre\/#breadcrumb"},"inLanguage":"es","potentialAction":[{"@type":"ReadAction","target":["https:\/\/labiaplastynewyorkcity.com\/es\/sobre\/"]}]},{"@type":"ImageObject","inLanguage":"es","@id":"https:\/\/labiaplastynewyorkcity.com\/es\/sobre\/#primaryimage","url":"https:\/\/labiaplastynewyorkcity.com\/wp-content\/uploads\/2024\/02\/about-labiaplasty-new-york-city.jpg","contentUrl":"https:\/\/labiaplastynewyorkcity.com\/wp-content\/uploads\/2024\/02\/about-labiaplasty-new-york-city.jpg","width":900,"height":960,"caption":"Acerca de la labioplastia en Nueva York"},{"@type":"BreadcrumbList","@id":"https:\/\/labiaplastynewyorkcity.com\/es\/sobre\/#breadcrumb","itemListElement":[{"@type":"ListItem","position":1,"name":"Home","item":"https:\/\/labiaplastynewyorkcity.com\/es\/"},{"@type":"ListItem","position":2,"name":"Qui\u00e9nes somos"}]},{"@type":"WebSite","@id":"https:\/\/labiaplastynewyorkcity.com\/es\/#website","url":"https:\/\/labiaplastynewyorkcity.com\/es\/","name":"Labiaplasty NYC","description":"Minimally Invasive Gynecological and Pelvic Reconstructive Surgery","publisher":{"@id":"https:\/\/labiaplastynewyorkcity.com\/es\/#organization"},"potentialAction":[{"@type":"SearchAction","target":{"@type":"EntryPoint","urlTemplate":"https:\/\/labiaplastynewyorkcity.com\/es\/?s={search_term_string}"},"query-input":{"@type":"PropertyValueSpecification","valueRequired":true,"valueName":"search_term_string"}}],"inLanguage":"es"},{"@type":"Organization","@id":"https:\/\/labiaplastynewyorkcity.com\/es\/#organization","name":"Labiaplasty NYC","url":"https:\/\/labiaplastynewyorkcity.com\/es\/","logo":{"@type":"ImageObject","inLanguage":"es","@id":"https:\/\/labiaplastynewyorkcity.com\/es\/#\/schema\/logo\/image\/","url":"https:\/\/labiaplastynewyorkcity.com\/wp-content\/uploads\/2025\/02\/labiaplasty-nyc-logo.png","contentUrl":"https:\/\/labiaplastynewyorkcity.com\/wp-content\/uploads\/2025\/02\/labiaplasty-nyc-logo.png","width":834,"height":278,"caption":"Labiaplasty NYC"},"image":{"@id":"https:\/\/labiaplastynewyorkcity.com\/es\/#\/schema\/logo\/image\/"}}]}},"featured_image_src":"https:\/\/labiaplastynewyorkcity.com\/wp-content\/uploads\/2024\/02\/about-labiaplasty-new-york-city-600x400.jpg","featured_image_src_square":"https:\/\/labiaplastynewyorkcity.com\/wp-content\/uploads\/2024\/02\/about-labiaplasty-new-york-city-600x600.jpg","_links":{"self":[{"href":"https:\/\/labiaplastynewyorkcity.com\/es\/wp-json\/wp\/v2\/pages\/7375","targetHints":{"allow":["GET"]}}],"collection":[{"href":"https:\/\/labiaplastynewyorkcity.com\/es\/wp-json\/wp\/v2\/pages"}],"about":[{"href":"https:\/\/labiaplastynewyorkcity.com\/es\/wp-json\/wp\/v2\/types\/page"}],"author":[{"embeddable":true,"href":"https:\/\/labiaplastynewyorkcity.com\/es\/wp-json\/wp\/v2\/users\/3"}],"replies":[{"embeddable":true,"href":"https:\/\/labiaplastynewyorkcity.com\/es\/wp-json\/wp\/v2\/comments?post=7375"}],"version-history":[{"count":0,"href":"https:\/\/labiaplastynewyorkcity.com\/es\/wp-json\/wp\/v2\/pages\/7375\/revisions"}],"wp:featuredmedia":[{"embeddable":true,"href":"https:\/\/labiaplastynewyorkcity.com\/es\/wp-json\/wp\/v2\/media\/12393"}],"wp:attachment":[{"href":"https:\/\/labiaplastynewyorkcity.com\/es\/wp-json\/wp\/v2\/media?parent=7375"}],"curies":[{"name":"wp","href":"https:\/\/api.w.org\/{rel}","templated":true}]}}