{"id":15679,"date":"2024-11-26T13:33:20","date_gmt":"2024-11-26T13:33:20","guid":{"rendered":"https:\/\/labiaplastynewyorkcity.com\/dr-mona-hardas-md-board-certified-cosmetic-surgeon\/"},"modified":"2026-02-28T15:02:23","modified_gmt":"2026-02-28T15:02:23","slug":"dr-mona-hardas","status":"publish","type":"page","link":"https:\/\/labiaplastynewyorkcity.com\/es\/sobre\/dr-mona-hardas\/","title":{"rendered":"Dra. Mona Hardas, Cirujana Est\u00e9tica Certificada"},"content":{"rendered":"\n<div class=\"wp-block-media-text alignfull has-media-on-the-right is-stacked-on-mobile animated fadeIn\"><div class=\"wp-block-media-text__content\">\n<div class=\"wp-block-group animated fadeInLeft delay-100ms\"><div class=\"wp-block-group__inner-container is-layout-flow wp-block-group-is-layout-flow\">\n<div style=\"height:80px\" aria-hidden=\"true\" class=\"wp-block-spacer global-spacer\"><\/div>\n\n\n\n<h1 class=\"wp-block-heading h2 m-0 animated fadeIn\">Dra. Mona Hardas<\/h1>\n\n\n\n<p class=\"h4 has-theme-primary-color has-text-color has-link-color has-larger-font-size wp-elements-ffce57179d7ba745b5656ba5abad34c6\"><strong><strong><strong><strong><strong><strong>Doctor en Medicina, Cirujano Est\u00e9tico Certificado<\/strong><\/strong><\/strong><\/strong><\/strong><\/strong><\/p>\n\n\n\n<p>La Dra. Mona Hardas es una prestigiosa ginec\u00f3loga titulada con m\u00e1s de una d\u00e9cada de experiencia en cirug\u00eda ginecol\u00f3gica y est\u00e9tica. Est\u00e1 especializada en una amplia gama de procedimientos de rejuvenecimiento vaginal, como la labioplastia, vaginoplastia, reducci\u00f3n del capuch\u00f3n del cl\u00edtoris, perineoplastia y estrechamiento vaginal. La Dra. Hardas tambi\u00e9n est\u00e1 altamente cualificada en tratamientos no quir\u00fargicos, utilizando tecnolog\u00edas avanzadas de l\u00e1ser y radiofrecuencia para proporcionar soluciones a medida que aborden las necesidades \u00fanicas de cada paciente.  <\/p>\n\n\n\n<p>M\u00e1s all\u00e1 de la experiencia quir\u00fargica, la Dra. Hardas ofrece una gama de procedimientos m\u00ednimamente invasivos dise\u00f1ados para mejorar tanto el atractivo est\u00e9tico como la funcionalidad. Su enfoque centrado en el paciente garantiza que cada persona reciba una atenci\u00f3n personalizada y consiga resultados de aspecto natural. Al abordar los problemas est\u00e9ticos y funcionales, la Dra. Hardas ayuda a sus pacientes a recuperar la confianza en s\u00ed mismos y a mejorar su calidad de vida.  <\/p>\n\n\n\n<div style=\"height:80px\" aria-hidden=\"true\" class=\"wp-block-spacer global-spacer invisible-on-tablet\"><\/div>\n<\/div><\/div>\n<\/div><figure class=\"wp-block-media-text__media\"><img decoding=\"async\" width=\"968\" height=\"1004\" src=\"https:\/\/labiaplastynewyorkcity.com\/wp-content\/uploads\/2024\/11\/dr.-mona-hardas.jpg\" alt=\"rejuvenecimiento vaginal m\u00e9dico cerca de m\u00ed\" class=\"wp-image-14100 size-full\"\/><\/figure><\/div>\n\n<div style=\"height:80px\" aria-hidden=\"true\" class=\"wp-block-spacer global-spacer\"><\/div>\n\n<div class=\"wp-block-media-text alignfull is-stacked-on-mobile animated fadeInUp stack-on-tablet-large\"><figure class=\"wp-block-media-text__media\"><img decoding=\"async\" width=\"900\" height=\"930\" src=\"https:\/\/labiaplastynewyorkcity.com\/wp-content\/uploads\/2024\/11\/dr.-mona-hardas-1.jpg\" alt=\"labioplastia doctora Mona Hardas\" class=\"wp-image-14102 size-full\"\/><\/figure><div class=\"wp-block-media-text__content\">\n<div class=\"wp-block-group animated fadeInRight delay-100ms\"><div class=\"wp-block-group__inner-container is-layout-flow wp-block-group-is-layout-flow\">\n<div style=\"height:80px\" aria-hidden=\"true\" class=\"wp-block-spacer global-spacer\"><\/div>\n\n\n\n<h2 class=\"wp-block-heading animated fadeIn\">Educaci\u00f3n y formaci\u00f3n<\/h2>\n\n\n\n<p>La Dra. Hardas comenz\u00f3 su distinguida carrera m\u00e9dica con una formaci\u00f3n en obstetricia y ginecolog\u00eda en el prestigioso Royal College of Obstetrics and Gynecology de Inglaterra. A continuaci\u00f3n, complet\u00f3 su residencia en el Hurley Medical Center de Flint, Michigan. Licenciada en medicina por el Government Medical College de Nagpur, India, estableci\u00f3 una s\u00f3lida base tanto en la pr\u00e1ctica cl\u00ednica como en la experiencia quir\u00fargica.  <\/p>\n\n\n\n<p>Como profesora cl\u00ednica asociada de obstetricia y ginecolog\u00eda en la Facultad de Medicina Humana de la Universidad Estatal de Michigan, la Dra. Hardas est\u00e1 muy implicada en la formaci\u00f3n de la pr\u00f3xima generaci\u00f3n de profesionales m\u00e9dicos. Est\u00e1 especializada en la ense\u00f1anza de t\u00e9cnicas m\u00ednimamente invasivas, como la cirug\u00eda rob\u00f3tica da Vinci, y colabora con instituciones m\u00e9dicas punteras, como el Hurley Medical Center y el Genesys Regional Medical Center, para compartir su experiencia en procedimientos ginecol\u00f3gicos avanzados. <\/p>\n\n\n\n<div style=\"height:80px\" aria-hidden=\"true\" class=\"wp-block-spacer global-spacer invinsible-on-mobile\"><\/div>\n<\/div><\/div>\n<\/div><\/div>\n\n<div style=\"height:80px\" aria-hidden=\"true\" class=\"wp-block-spacer global-spacer\"><\/div>\n\n<div class=\"wp-block-media-text alignfull has-media-on-the-right is-stacked-on-mobile animated fadeInUp stack-on-tablet-large ticss-892d199b\"><div class=\"wp-block-media-text__content\">\n<div class=\"wp-block-group animated fadeInRight delay-100ms\"><div class=\"wp-block-group__inner-container is-layout-flow wp-block-group-is-layout-flow\">\n<div style=\"height:80px\" aria-hidden=\"true\" class=\"wp-block-spacer global-spacer\"><\/div>\n\n\n\n<h2 class=\"wp-block-heading animated fadeIn\">Afiliaciones profesionales<\/h2>\n\n\n\n<p>El compromiso de la Dra. Hardas con el avance de los tratamientos de rejuvenecimiento vaginal es evidente a trav\u00e9s de su participaci\u00f3n activa en estimadas organizaciones profesionales:<\/p>\n\n\n\n<ul class=\"wp-block-list is-style-checklist\">\n<li>Miembro de la Sociedad Internacional de Ginecolog\u00eda Est\u00e9tica<\/li>\n\n\n\n<li>Miembro de la Asociaci\u00f3n Americana de Est\u00e9tica<\/li>\n\n\n\n<li>Miembro del cuerpo docente de la Junta Americana de Ginecolog\u00eda Est\u00e9tica<\/li>\n\n\n\n<li>Miembro del profesorado del Instituto de Ginecolog\u00eda Funcional<\/li>\n\n\n\n<li>Profesora cl\u00ednica asociada de obstetricia y ginecolog\u00eda, Facultad de Medicina Humana de la Universidad Estatal de Michigan<\/li>\n\n\n\n<li>Miembro de la Sociedad Internacional de Cosmetoginecolog\u00eda (ISCG)<\/li>\n\n\n\n<li>Miembro de la Asociaci\u00f3n M\u00e9dica Americana (AMA)<\/li>\n\n\n\n<li>Miembro del Colegio Americano de Obstetras y Ginec\u00f3logos (ACOG)<\/li>\n\n\n\n<li>Miembro del Instituto Americano de Cirug\u00eda de M\u00ednima Invasi\u00f3n (AIMIS)<\/li>\n<\/ul>\n\n\n\n<p>Estas afiliaciones reflejan la dedicaci\u00f3n del Dr. Hardas para ofrecer tratamientos de rejuvenecimiento vaginal de vanguardia y mantener los m\u00e1s altos est\u00e1ndares en la atenci\u00f3n al paciente.<\/p>\n\n\n\n<div style=\"height:80px\" aria-hidden=\"true\" class=\"wp-block-spacer global-spacer invinsible-on-mobile\"><\/div>\n<\/div><\/div>\n<\/div><figure class=\"wp-block-media-text__media\"><img decoding=\"async\" width=\"929\" height=\"991\" src=\"https:\/\/labiaplastynewyorkcity.com\/wp-content\/uploads\/2024\/11\/dr.-mona-hardas-2.jpg\" alt=\"experto en liposucci\u00f3n Nueva York\" class=\"wp-image-14104 size-full\"\/><\/figure><\/div>\n\n<div class=\"wp-block-group alignfull marquee animated zoomIn slow\"><div class=\"wp-block-group__inner-container is-layout-flow wp-block-group-is-layout-flow\">\n<div style=\"height:40px\" aria-hidden=\"true\" class=\"wp-block-spacer global-spacer\"><\/div>\n\n\n\n<figure class=\"wp-block-gallery alignwide has-nested-images columns-6 logos wp-block-gallery-1 is-layout-flex wp-block-gallery-is-layout-flex\">\n<figure class=\"wp-block-image size-medium\"><img decoding=\"async\" width=\"202\" height=\"194\" data-id=\"6217\" src=\"https:\/\/labiaplastynewyorkcity.com\/wp-content\/uploads\/2022\/05\/Memeber-of-the-American-Academy-of-Cosmetic-Surgery.png\" alt=\"Miembro de la Academia Americana de Cirug&#xED;a Est&#xE9;tica\" class=\"wp-image-6217\"\/><\/figure>\n\n\n\n<figure class=\"wp-block-image size-medium\"><img decoding=\"async\" width=\"568\" height=\"194\" data-id=\"6218\" src=\"https:\/\/labiaplastynewyorkcity.com\/wp-content\/uploads\/2022\/05\/Memeber-of-the-American-College-of-Obstetricians-and-Gynecologists.png\" alt=\"Miembro del Colegio Americano de Obstetras y Ginec&#xF3;logos\" class=\"wp-image-6218\"\/><\/figure>\n\n\n\n<figure class=\"wp-block-image size-medium\"><img decoding=\"async\" width=\"528\" height=\"194\" data-id=\"6219\" src=\"https:\/\/labiaplastynewyorkcity.com\/wp-content\/uploads\/2022\/05\/Memeber-of-the-American-Society-of-Cosmetic-Laser-Surgery.png\" alt=\"Miembro de la Sociedad Americana de Cirug&#xED;a L&#xE1;ser Est&#xE9;tica\" class=\"wp-image-6219\"\/><\/figure>\n\n\n\n<figure class=\"wp-block-image size-medium\"><img decoding=\"async\" width=\"190\" height=\"194\" data-id=\"6220\" src=\"https:\/\/labiaplastynewyorkcity.com\/wp-content\/uploads\/2022\/05\/Memeber-of-the-American-Society-of-Liposuction-Surgery.png\" alt=\"Miembro de la Sociedad Americana de Cirug&#xED;a de Liposucci&#xF3;n\" class=\"wp-image-6220\"\/><\/figure>\n\n\n\n<figure class=\"wp-block-image size-medium\"><img decoding=\"async\" width=\"644\" height=\"194\" data-id=\"6221\" src=\"https:\/\/labiaplastynewyorkcity.com\/wp-content\/uploads\/2022\/05\/Memeber-of-the-International-Cosmetic-Gynecology-Conference.png\" alt=\"Miembro de la Conferencia Internacional de Ginecolog&#xED;a Est&#xE9;tica\" class=\"wp-image-6221\"\/><\/figure>\n\n\n\n<figure class=\"wp-block-image size-medium\"><img decoding=\"async\" width=\"626\" height=\"194\" data-id=\"6222\" src=\"https:\/\/labiaplastynewyorkcity.com\/wp-content\/uploads\/2022\/05\/Memeber-of-the-International-Society-of-Cosmetogynecology.png\" alt=\"Miembro de la Sociedad Internacional de Cosmetoginecolog&#xED;a\" class=\"wp-image-6222\"\/><\/figure>\n\n\n\n<figure class=\"wp-block-image size-full\"><img decoding=\"async\" width=\"217\" height=\"84\" data-id=\"12238\" src=\"https:\/\/labiaplastynewyorkcity.com\/wp-content\/uploads\/2024\/02\/american-aesthetic-association.png\" alt=\"asociaci&#xF3;n americana de est&#xE9;tica\" class=\"wp-image-12238\"\/><\/figure>\n\n\n\n<figure class=\"wp-block-image size-medium\"><img decoding=\"async\" width=\"300\" height=\"226\" data-id=\"12240\" src=\"https:\/\/labiaplastynewyorkcity.com\/wp-content\/uploads\/2024\/02\/american-board-of-cosmetic-surgery-300x226.png\" alt=\"consejo americano de cirug&#xED;a est&#xE9;tica\" class=\"wp-image-12240\"\/><\/figure>\n\n\n\n<figure class=\"wp-block-image size-medium\"><img decoding=\"async\" width=\"226\" height=\"300\" data-id=\"12242\" src=\"https:\/\/labiaplastynewyorkcity.com\/wp-content\/uploads\/2024\/02\/functional-gynecology-institute-226x300.png\" alt=\"instituto de ginecolog&#xED;a funcional\" class=\"wp-image-12242\"\/><\/figure>\n\n\n\n<figure class=\"wp-block-image size-full\"><img decoding=\"async\" width=\"500\" height=\"194\" data-id=\"13248\" src=\"https:\/\/labiaplastynewyorkcity.com\/wp-content\/uploads\/2024\/08\/carecredit-2.png\" alt=\"CareCredit\" class=\"wp-image-13248\"\/><\/figure>\n\n\n\n<figure class=\"wp-block-image size-full\"><img decoding=\"async\" width=\"450\" height=\"194\" data-id=\"13279\" src=\"https:\/\/labiaplastynewyorkcity.com\/wp-content\/uploads\/2024\/08\/patientfi-9.png\" alt=\"PatientFi\" class=\"wp-image-13279\"\/><\/figure>\n\n\n\n<figure class=\"wp-block-image size-full\"><img decoding=\"async\" width=\"550\" height=\"194\" data-id=\"13246\" src=\"https:\/\/labiaplastynewyorkcity.com\/wp-content\/uploads\/2024\/08\/allegro-credit-5.png\" alt=\"Cr&#xE9;dito Allegro\" class=\"wp-image-13246\"\/><\/figure>\n<\/figure>\n<\/div><\/div>\n\n<div style=\"height:80px\" aria-hidden=\"true\" class=\"wp-block-spacer global-spacer\"><\/div>\n\n<div class=\"wp-block-cover alignwide has-parallax black\" style=\"min-height:649px;aspect-ratio:unset;\"><span aria-hidden=\"true\" class=\"wp-block-cover__background has-background-dim-0 has-background-dim\" style=\"background-color:#3e555b\"><\/span><div role=\"img\" aria-label=\"Labiaplasty NYC Patient Education\" class=\"wp-block-cover__image-background wp-image-14429 has-parallax\" style=\"background-position:50% 50%;background-image:url(https:\/\/labiaplastynewyorkcity.com\/wp-content\/uploads\/2025\/03\/labiaplasty-nyc-patient-education.jpg)\"><\/div><div class=\"wp-block-cover__inner-container is-layout-flow wp-block-cover-is-layout-flow\">\n<div style=\"height:130px\" aria-hidden=\"true\" class=\"wp-block-spacer global-spacer-cta\"><\/div>\n\n\n\n<div class=\"wp-block-group max-width-1000 animated zoomIn delay-100ms has-text-light-color has-text-color\"><div class=\"wp-block-group__inner-container is-layout-flow wp-block-group-is-layout-flow\">\n<h2 class=\"wp-block-heading has-text-align-center\">Acerca de la labioplastia NYC Educaci\u00f3n del paciente<\/h2>\n\n\n\n<p class=\"has-text-align-center has-larger-font-size\">La secci\u00f3n de educaci\u00f3n para pacientes de la labioplastia de NYC pretende ser un recurso completo para cualquier persona interesada en la cirug\u00eda est\u00e9tica ginecol\u00f3gica. Aqu\u00ed, le traemos gu\u00edas de procedimiento en profundidad, preguntas frecuentes sobre el rejuvenecimiento vaginal, relatos de la vida real de los pacientes que se han sometido a procedimientos, y mucho m\u00e1s. <\/p>\n<\/div><\/div>\n\n\n\n<div style=\"height:130px\" aria-hidden=\"true\" class=\"wp-block-spacer global-spacer-cta\"><\/div>\n<\/div><\/div>\n\n<style>\n@media (min-width:1680px) {\n\t.dr-profile .global-spacer {\n      height: 150px !important;\n\t}  \n}\n<\/style>\n","protected":false},"excerpt":{"rendered":"","protected":false},"author":3,"featured_media":0,"parent":7375,"menu_order":0,"comment_status":"closed","ping_status":"closed","template":"page-templates\/blocks.php","meta":{"_acf_changed":false,"_genesis_hide_title":false,"_genesis_hide_breadcrumbs":false,"_genesis_hide_singular_image":false,"_genesis_hide_footer_widgets":false,"_genesis_custom_body_class":"","_genesis_custom_post_class":"","_genesis_layout":"","footnotes":""},"class_list":{"0":"post-15679","1":"page","2":"type-page","3":"status-publish","5":"entry","6":"has-post-thumbnail"},"acf":[],"yoast_head":"<!-- This site is optimized with the Yoast SEO plugin v27.2 - https:\/\/yoast.com\/product\/yoast-seo-wordpress\/ -->\n<title>Dra. Mona Hardas, Cirujana Est\u00e9tica Certificada<\/title>\n<meta name=\"robots\" content=\"index, follow, max-snippet:-1, max-image-preview:large, max-video-preview:-1\" \/>\n<link rel=\"canonical\" href=\"https:\/\/labiaplastynewyorkcity.com\/es\/sobre\/dr-mona-hardas\/\" \/>\n<meta property=\"og:locale\" content=\"es_ES\" \/>\n<meta property=\"og:type\" content=\"article\" \/>\n<meta property=\"og:title\" content=\"Dra. Mona Hardas, Cirujana Est\u00e9tica Certificada\" \/>\n<meta property=\"og:url\" content=\"https:\/\/labiaplastynewyorkcity.com\/es\/sobre\/dr-mona-hardas\/\" \/>\n<meta property=\"og:site_name\" content=\"Labiaplasty NYC\" \/>\n<meta property=\"article:modified_time\" content=\"2026-02-28T15:02:23+00:00\" \/>\n<meta property=\"og:image\" content=\"https:\/\/labiaplastynewyorkcity.com\/wp-content\/uploads\/2024\/11\/dr.-mona-hardas.jpg\" \/>\n\t<meta property=\"og:image:width\" content=\"968\" \/>\n\t<meta property=\"og:image:height\" content=\"1004\" \/>\n\t<meta property=\"og:image:type\" content=\"image\/jpeg\" \/>\n<meta name=\"twitter:card\" content=\"summary_large_image\" \/>\n<meta name=\"twitter:label1\" content=\"Tiempo de lectura\" \/>\n\t<meta name=\"twitter:data1\" content=\"3 minutos\" \/>\n<script type=\"application\/ld+json\" class=\"yoast-schema-graph\">{\"@context\":\"https:\/\/schema.org\",\"@graph\":[{\"@type\":\"WebPage\",\"@id\":\"https:\/\/labiaplastynewyorkcity.com\/es\/sobre\/dr-mona-hardas\/\",\"url\":\"https:\/\/labiaplastynewyorkcity.com\/es\/sobre\/dr-mona-hardas\/\",\"name\":\"Dra. Mona Hardas, Cirujana Est\u00e9tica Certificada\",\"isPartOf\":{\"@id\":\"https:\/\/labiaplastynewyorkcity.com\/es\/#website\"},\"primaryImageOfPage\":{\"@id\":\"https:\/\/labiaplastynewyorkcity.com\/es\/sobre\/dr-mona-hardas\/#primaryimage\"},\"image\":{\"@id\":\"https:\/\/labiaplastynewyorkcity.com\/es\/sobre\/dr-mona-hardas\/#primaryimage\"},\"thumbnailUrl\":\"https:\/\/labiaplastynewyorkcity.com\/wp-content\/uploads\/2024\/11\/dr.-mona-hardas.jpg\",\"datePublished\":\"2024-11-26T13:33:20+00:00\",\"dateModified\":\"2026-02-28T15:02:23+00:00\",\"breadcrumb\":{\"@id\":\"https:\/\/labiaplastynewyorkcity.com\/es\/sobre\/dr-mona-hardas\/#breadcrumb\"},\"inLanguage\":\"es\",\"potentialAction\":[{\"@type\":\"ReadAction\",\"target\":[\"https:\/\/labiaplastynewyorkcity.com\/es\/sobre\/dr-mona-hardas\/\"]}]},{\"@type\":\"ImageObject\",\"inLanguage\":\"es\",\"@id\":\"https:\/\/labiaplastynewyorkcity.com\/es\/sobre\/dr-mona-hardas\/#primaryimage\",\"url\":\"https:\/\/labiaplastynewyorkcity.com\/wp-content\/uploads\/2024\/11\/dr.-mona-hardas.jpg\",\"contentUrl\":\"https:\/\/labiaplastynewyorkcity.com\/wp-content\/uploads\/2024\/11\/dr.-mona-hardas.jpg\"},{\"@type\":\"BreadcrumbList\",\"@id\":\"https:\/\/labiaplastynewyorkcity.com\/es\/sobre\/dr-mona-hardas\/#breadcrumb\",\"itemListElement\":[{\"@type\":\"ListItem\",\"position\":1,\"name\":\"Home\",\"item\":\"https:\/\/labiaplastynewyorkcity.com\/es\/\"},{\"@type\":\"ListItem\",\"position\":2,\"name\":\"Qui\u00e9nes somos\",\"item\":\"https:\/\/labiaplastynewyorkcity.com\/es\/sobre\/\"},{\"@type\":\"ListItem\",\"position\":3,\"name\":\"Dra. Mona Hardas, Cirujana Est\u00e9tica Certificada\"}]},{\"@type\":\"WebSite\",\"@id\":\"https:\/\/labiaplastynewyorkcity.com\/es\/#website\",\"url\":\"https:\/\/labiaplastynewyorkcity.com\/es\/\",\"name\":\"Labiaplasty NYC\",\"description\":\"Minimally Invasive Gynecological and Pelvic Reconstructive Surgery\",\"publisher\":{\"@id\":\"https:\/\/labiaplastynewyorkcity.com\/es\/#organization\"},\"potentialAction\":[{\"@type\":\"SearchAction\",\"target\":{\"@type\":\"EntryPoint\",\"urlTemplate\":\"https:\/\/labiaplastynewyorkcity.com\/es\/?s={search_term_string}\"},\"query-input\":{\"@type\":\"PropertyValueSpecification\",\"valueRequired\":true,\"valueName\":\"search_term_string\"}}],\"inLanguage\":\"es\"},{\"@type\":\"Organization\",\"@id\":\"https:\/\/labiaplastynewyorkcity.com\/es\/#organization\",\"name\":\"Labiaplasty NYC\",\"url\":\"https:\/\/labiaplastynewyorkcity.com\/es\/\",\"logo\":{\"@type\":\"ImageObject\",\"inLanguage\":\"es\",\"@id\":\"https:\/\/labiaplastynewyorkcity.com\/es\/#\/schema\/logo\/image\/\",\"url\":\"https:\/\/labiaplastynewyorkcity.com\/wp-content\/uploads\/2025\/02\/labiaplasty-nyc-logo.png\",\"contentUrl\":\"https:\/\/labiaplastynewyorkcity.com\/wp-content\/uploads\/2025\/02\/labiaplasty-nyc-logo.png\",\"width\":834,\"height\":278,\"caption\":\"Labiaplasty NYC\"},\"image\":{\"@id\":\"https:\/\/labiaplastynewyorkcity.com\/es\/#\/schema\/logo\/image\/\"}}]}<\/script>\n<!-- \/ Yoast SEO plugin. -->","yoast_head_json":{"title":"Dra. Mona Hardas, Cirujana Est\u00e9tica Certificada","robots":{"index":"index","follow":"follow","max-snippet":"max-snippet:-1","max-image-preview":"max-image-preview:large","max-video-preview":"max-video-preview:-1"},"canonical":"https:\/\/labiaplastynewyorkcity.com\/es\/sobre\/dr-mona-hardas\/","og_locale":"es_ES","og_type":"article","og_title":"Dra. Mona Hardas, Cirujana Est\u00e9tica Certificada","og_url":"https:\/\/labiaplastynewyorkcity.com\/es\/sobre\/dr-mona-hardas\/","og_site_name":"Labiaplasty NYC","article_modified_time":"2026-02-28T15:02:23+00:00","og_image":[{"width":968,"height":1004,"url":"https:\/\/labiaplastynewyorkcity.com\/wp-content\/uploads\/2024\/11\/dr.-mona-hardas.jpg","type":"image\/jpeg"}],"twitter_card":"summary_large_image","twitter_misc":{"Tiempo de lectura":"3 minutos"},"schema":{"@context":"https:\/\/schema.org","@graph":[{"@type":"WebPage","@id":"https:\/\/labiaplastynewyorkcity.com\/es\/sobre\/dr-mona-hardas\/","url":"https:\/\/labiaplastynewyorkcity.com\/es\/sobre\/dr-mona-hardas\/","name":"Dra. Mona Hardas, Cirujana Est\u00e9tica Certificada","isPartOf":{"@id":"https:\/\/labiaplastynewyorkcity.com\/es\/#website"},"primaryImageOfPage":{"@id":"https:\/\/labiaplastynewyorkcity.com\/es\/sobre\/dr-mona-hardas\/#primaryimage"},"image":{"@id":"https:\/\/labiaplastynewyorkcity.com\/es\/sobre\/dr-mona-hardas\/#primaryimage"},"thumbnailUrl":"https:\/\/labiaplastynewyorkcity.com\/wp-content\/uploads\/2024\/11\/dr.-mona-hardas.jpg","datePublished":"2024-11-26T13:33:20+00:00","dateModified":"2026-02-28T15:02:23+00:00","breadcrumb":{"@id":"https:\/\/labiaplastynewyorkcity.com\/es\/sobre\/dr-mona-hardas\/#breadcrumb"},"inLanguage":"es","potentialAction":[{"@type":"ReadAction","target":["https:\/\/labiaplastynewyorkcity.com\/es\/sobre\/dr-mona-hardas\/"]}]},{"@type":"ImageObject","inLanguage":"es","@id":"https:\/\/labiaplastynewyorkcity.com\/es\/sobre\/dr-mona-hardas\/#primaryimage","url":"https:\/\/labiaplastynewyorkcity.com\/wp-content\/uploads\/2024\/11\/dr.-mona-hardas.jpg","contentUrl":"https:\/\/labiaplastynewyorkcity.com\/wp-content\/uploads\/2024\/11\/dr.-mona-hardas.jpg"},{"@type":"BreadcrumbList","@id":"https:\/\/labiaplastynewyorkcity.com\/es\/sobre\/dr-mona-hardas\/#breadcrumb","itemListElement":[{"@type":"ListItem","position":1,"name":"Home","item":"https:\/\/labiaplastynewyorkcity.com\/es\/"},{"@type":"ListItem","position":2,"name":"Qui\u00e9nes somos","item":"https:\/\/labiaplastynewyorkcity.com\/es\/sobre\/"},{"@type":"ListItem","position":3,"name":"Dra. Mona Hardas, Cirujana Est\u00e9tica Certificada"}]},{"@type":"WebSite","@id":"https:\/\/labiaplastynewyorkcity.com\/es\/#website","url":"https:\/\/labiaplastynewyorkcity.com\/es\/","name":"Labiaplasty NYC","description":"Minimally Invasive Gynecological and Pelvic Reconstructive Surgery","publisher":{"@id":"https:\/\/labiaplastynewyorkcity.com\/es\/#organization"},"potentialAction":[{"@type":"SearchAction","target":{"@type":"EntryPoint","urlTemplate":"https:\/\/labiaplastynewyorkcity.com\/es\/?s={search_term_string}"},"query-input":{"@type":"PropertyValueSpecification","valueRequired":true,"valueName":"search_term_string"}}],"inLanguage":"es"},{"@type":"Organization","@id":"https:\/\/labiaplastynewyorkcity.com\/es\/#organization","name":"Labiaplasty NYC","url":"https:\/\/labiaplastynewyorkcity.com\/es\/","logo":{"@type":"ImageObject","inLanguage":"es","@id":"https:\/\/labiaplastynewyorkcity.com\/es\/#\/schema\/logo\/image\/","url":"https:\/\/labiaplastynewyorkcity.com\/wp-content\/uploads\/2025\/02\/labiaplasty-nyc-logo.png","contentUrl":"https:\/\/labiaplastynewyorkcity.com\/wp-content\/uploads\/2025\/02\/labiaplasty-nyc-logo.png","width":834,"height":278,"caption":"Labiaplasty NYC"},"image":{"@id":"https:\/\/labiaplastynewyorkcity.com\/es\/#\/schema\/logo\/image\/"}}]}},"featured_image_src":null,"featured_image_src_square":null,"_links":{"self":[{"href":"https:\/\/labiaplastynewyorkcity.com\/es\/wp-json\/wp\/v2\/pages\/15679","targetHints":{"allow":["GET"]}}],"collection":[{"href":"https:\/\/labiaplastynewyorkcity.com\/es\/wp-json\/wp\/v2\/pages"}],"about":[{"href":"https:\/\/labiaplastynewyorkcity.com\/es\/wp-json\/wp\/v2\/types\/page"}],"author":[{"embeddable":true,"href":"https:\/\/labiaplastynewyorkcity.com\/es\/wp-json\/wp\/v2\/users\/3"}],"replies":[{"embeddable":true,"href":"https:\/\/labiaplastynewyorkcity.com\/es\/wp-json\/wp\/v2\/comments?post=15679"}],"version-history":[{"count":0,"href":"https:\/\/labiaplastynewyorkcity.com\/es\/wp-json\/wp\/v2\/pages\/15679\/revisions"}],"up":[{"embeddable":true,"href":"https:\/\/labiaplastynewyorkcity.com\/es\/wp-json\/wp\/v2\/pages\/7375"}],"wp:attachment":[{"href":"https:\/\/labiaplastynewyorkcity.com\/es\/wp-json\/wp\/v2\/media?parent=15679"}],"curies":[{"name":"wp","href":"https:\/\/api.w.org\/{rel}","templated":true}]}}