{"id":15678,"date":"2024-11-26T13:07:30","date_gmt":"2024-11-26T13:07:30","guid":{"rendered":"https:\/\/labiaplastynewyorkcity.com\/dr-kayvan-a-rosstin\/"},"modified":"2026-03-28T10:21:34","modified_gmt":"2026-03-28T10:21:34","slug":"dr-kayvan-rosstin","status":"publish","type":"page","link":"https:\/\/labiaplastynewyorkcity.com\/es\/sobre\/dr-kayvan-rosstin\/","title":{"rendered":"Dr. Kayvan A. Rosstin, Cirujano Est\u00e9tico Certificado"},"content":{"rendered":"\n<div class=\"wp-block-media-text alignfull has-media-on-the-right is-stacked-on-mobile animated fadeIn\"><div class=\"wp-block-media-text__content\">\n<div class=\"wp-block-group animated fadeInLeft delay-100ms\"><div class=\"wp-block-group__inner-container is-layout-flow wp-block-group-is-layout-flow\">\n<div style=\"height:80px\" aria-hidden=\"true\" class=\"wp-block-spacer global-spacer\"><\/div>\n\n\n\n<h1 class=\"wp-block-heading h2 m-0 animated fadeIn\">Dr. Kayvan A. Rosstin<\/h1>\n\n\n\n<p class=\"h4 has-theme-primary-color has-text-color has-link-color has-larger-font-size wp-elements-086318eb6bd3d457d4c535166b3064bb\"><strong><strong><strong><strong><strong>Doctor en Medicina, Cirujano Est\u00e9tico Certificado<\/strong><\/strong><\/strong><\/strong><\/strong><\/p>\n\n\n\n<p>El Dr. Kayvan Rosstin, cirujano est\u00e9tico certificado, cuenta con m\u00e1s de 10 a\u00f1os de experiencia especializada en tratamientos de rejuvenecimiento vaginal, ofreciendo soluciones quir\u00fargicas y no quir\u00fargicas. Desde 2010, el Dr. Rosstin ha sido reconocido por sus t\u00e9cnicas innovadoras y su dedicaci\u00f3n a ofrecer resultados seguros y transformadores que mejoran tanto la funci\u00f3n como la est\u00e9tica. Su pr\u00e1ctica hace hincapi\u00e9 en procedimientos m\u00ednimamente invasivos con tiempos de recuperaci\u00f3n m\u00e1s cortos, lo que lo convierte en un l\u00edder en el campo de la ginecolog\u00eda est\u00e9tica.  <\/p>\n\n\n\n<p>La experiencia del Dr. Rosstin incluye procedimientos avanzados como el estiramiento vaginal, la vaginoplastia, la labioplastia y la reducci\u00f3n del capuch\u00f3n del cl\u00edtoris. Reconocido por su precisi\u00f3n y habilidad, es particularmente conocido por su trabajo con el O-Shot y la labioplastia, ofreciendo opciones m\u00ednimamente invasivas con eficacia probada. <\/p>\n\n\n\n<p>Adem\u00e1s, el Dr. Rosstin ofrece tratamientos integrales de rejuvenecimiento vaginal destinados a restaurar la confianza, la comodidad y el bienestar general de las pacientes. Su filosof\u00eda centrada en el paciente garantiza una atenci\u00f3n personalizada que aborda los objetivos funcionales y est\u00e9ticos \u00fanicos de cada persona. <\/p>\n\n\n\n<div style=\"height:80px\" aria-hidden=\"true\" class=\"wp-block-spacer global-spacer invisible-on-tablet\"><\/div>\n<\/div><\/div>\n<\/div><figure class=\"wp-block-media-text__media\"><img decoding=\"async\" width=\"960\" height=\"960\" src=\"https:\/\/labiaplastynewyorkcity.com\/wp-content\/uploads\/2024\/11\/dr.-kayvan-rosstin-1.jpg\" alt=\"experto en rejuvenecimiento vaginal cerca de m\u00ed\" class=\"wp-image-14089 size-full\"\/><\/figure><\/div>\n\n<div style=\"height:80px\" aria-hidden=\"true\" class=\"wp-block-spacer global-spacer\"><\/div>\n\n<div class=\"wp-block-media-text alignfull is-stacked-on-mobile animated fadeInUp stack-on-tablet-large\"><figure class=\"wp-block-media-text__media\"><img decoding=\"async\" width=\"960\" height=\"962\" src=\"https:\/\/labiaplastynewyorkcity.com\/wp-content\/uploads\/2024\/11\/dr.-kayvan-a.-rosstin.jpg\" alt=\"vaginoplastia doctor Kayvan Rosstin\" class=\"wp-image-14091 size-full\"\/><\/figure><div class=\"wp-block-media-text__content\">\n<div class=\"wp-block-group animated fadeInRight delay-100ms\"><div class=\"wp-block-group__inner-container is-layout-flow wp-block-group-is-layout-flow\">\n<div style=\"height:80px\" aria-hidden=\"true\" class=\"wp-block-spacer global-spacer\"><\/div>\n\n\n\n<h2 class=\"wp-block-heading animated fadeIn\">Educaci\u00f3n y formaci\u00f3n quir\u00fargica<\/h2>\n\n\n\n<p>El Dr. Rosstin complet\u00f3 con \u00e9xito una formaci\u00f3n avanzada en cirug\u00eda pl\u00e1stica en instituciones l\u00edderes, como la Universidad de Indiana, el Centro M\u00e9dico de la Universidad de Duke y la Universidad de Rochester. Estos prestigiosos programas perfeccionaron su experiencia en el contorno corporal y la cirug\u00eda pl\u00e1stica cosm\u00e9tica de la mama y el cuerpo. <\/p>\n\n\n\n<p>El Dr. Rosstin est\u00e1 autorizado para ejercer la medicina en Nueva York y Florida, y posee la certificaci\u00f3n internacional de la Junta en Cirug\u00eda Pl\u00e1stica, adem\u00e1s de ser miembro de la Academia Americana de Cirug\u00eda Est\u00e9tica, la principal organizaci\u00f3n estadounidense dedicada exclusivamente a la cirug\u00eda est\u00e9tica. Esta prestigiosa beca s\u00f3lo se concede a cirujanos experimentados que han demostrado una habilidad avanzada, un historial constante de resultados satisfactorios y un compromiso con los m\u00e1s altos est\u00e1ndares \u00e9ticos y cl\u00ednicos en cirug\u00eda est\u00e9tica. <\/p>\n\n\n\n<div style=\"height:80px\" aria-hidden=\"true\" class=\"wp-block-spacer global-spacer invinsible-on-mobile\"><\/div>\n<\/div><\/div>\n<\/div><\/div>\n\n<div style=\"height:80px\" aria-hidden=\"true\" class=\"wp-block-spacer global-spacer\"><\/div>\n\n<div class=\"wp-block-media-text alignfull has-media-on-the-right is-stacked-on-mobile animated fadeInUp stack-on-tablet-large ticss-892d199b\"><div class=\"wp-block-media-text__content\">\n<div class=\"wp-block-group animated fadeInRight delay-100ms\"><div class=\"wp-block-group__inner-container is-layout-flow wp-block-group-is-layout-flow\">\n<div style=\"height:80px\" aria-hidden=\"true\" class=\"wp-block-spacer global-spacer\"><\/div>\n\n\n\n<h2 class=\"wp-block-heading animated fadeIn\">Afiliaciones profesionales<\/h2>\n\n\n\n<p>El Dr. Rosstin participa activamente en numerosas organizaciones profesionales respetadas que hacen hincapi\u00e9 en los avances en el rejuvenecimiento vaginal y la est\u00e9tica ginecol\u00f3gica. Sus afiliaciones incluyen: <\/p>\n\n\n\n<ul class=\"wp-block-list is-style-checklist\">\n<li>Sociedad Internacional de Cosmetoginecolog\u00eda (ISCG)<\/li>\n\n\n\n<li>Colegio Americano de Cirujanos (ACS)<\/li>\n\n\n\n<li>Colegio Americano de M\u00e9dicos Est\u00e9ticos y Cosm\u00e9ticos<\/li>\n\n\n\n<li>Sociedad Americana de M\u00e9dicos Est\u00e9ticos\/Cosm\u00e9ticos<\/li>\n\n\n\n<li>Junta Americana de Medicina Est\u00e9tica y Cosm\u00e9tica<\/li>\n\n\n\n<li>Academia Americana de Cirug\u00eda Est\u00e9tica<\/li>\n\n\n\n<li>Consejo de Investigaci\u00f3n de Cirug\u00eda Pl\u00e1stica (PSRC)<\/li>\n\n\n\n<li>Asociaci\u00f3n M\u00e9dica Americana (AMA)<\/li>\n<\/ul>\n\n\n\n<p>Estas afiliaciones reflejan el compromiso del Dr. Rosstin con la innovaci\u00f3n, el desarrollo profesional y la atenci\u00f3n excepcional a los pacientes.<\/p>\n\n\n\n<div style=\"height:80px\" aria-hidden=\"true\" class=\"wp-block-spacer global-spacer invinsible-on-mobile\"><\/div>\n<\/div><\/div>\n<\/div><figure class=\"wp-block-media-text__media\"><img decoding=\"async\" width=\"960\" height=\"959\" src=\"https:\/\/labiaplastynewyorkcity.com\/wp-content\/uploads\/2024\/11\/dr.-kayvan-rosstin-2.jpg\" alt=\"experto en labioplastia NYC\" class=\"wp-image-14093 size-full\"\/><\/figure><\/div>\n\n<div class=\"wp-block-group alignfull marquee animated zoomIn slow\"><div class=\"wp-block-group__inner-container is-layout-flow wp-block-group-is-layout-flow\">\n<div style=\"height:40px\" aria-hidden=\"true\" class=\"wp-block-spacer global-spacer\"><\/div>\n\n\n\n<figure class=\"wp-block-gallery alignwide has-nested-images columns-6 logos wp-block-gallery-1 is-layout-flex wp-block-gallery-is-layout-flex\">\n<figure class=\"wp-block-image size-medium\"><img decoding=\"async\" width=\"202\" height=\"194\" data-id=\"6217\" src=\"https:\/\/labiaplastynewyorkcity.com\/wp-content\/uploads\/2022\/05\/Memeber-of-the-American-Academy-of-Cosmetic-Surgery.png\" alt=\"Miembro de la Academia Americana de Cirug&#xED;a Est&#xE9;tica\" class=\"wp-image-6217\"\/><\/figure>\n\n\n\n<figure class=\"wp-block-image size-medium\"><img decoding=\"async\" width=\"568\" height=\"194\" data-id=\"6218\" src=\"https:\/\/labiaplastynewyorkcity.com\/wp-content\/uploads\/2022\/05\/Memeber-of-the-American-College-of-Obstetricians-and-Gynecologists.png\" alt=\"Miembro del Colegio Americano de Obstetras y Ginec&#xF3;logos\" class=\"wp-image-6218\"\/><\/figure>\n\n\n\n<figure class=\"wp-block-image size-medium\"><img decoding=\"async\" width=\"528\" height=\"194\" data-id=\"6219\" src=\"https:\/\/labiaplastynewyorkcity.com\/wp-content\/uploads\/2022\/05\/Memeber-of-the-American-Society-of-Cosmetic-Laser-Surgery.png\" alt=\"Miembro de la Sociedad Americana de Cirug&#xED;a L&#xE1;ser Est&#xE9;tica\" class=\"wp-image-6219\"\/><\/figure>\n\n\n\n<figure class=\"wp-block-image size-medium\"><img decoding=\"async\" width=\"190\" height=\"194\" data-id=\"6220\" src=\"https:\/\/labiaplastynewyorkcity.com\/wp-content\/uploads\/2022\/05\/Memeber-of-the-American-Society-of-Liposuction-Surgery.png\" alt=\"Miembro de la Sociedad Americana de Cirug&#xED;a de Liposucci&#xF3;n\" class=\"wp-image-6220\"\/><\/figure>\n\n\n\n<figure class=\"wp-block-image size-medium\"><img decoding=\"async\" width=\"644\" height=\"194\" data-id=\"6221\" src=\"https:\/\/labiaplastynewyorkcity.com\/wp-content\/uploads\/2022\/05\/Memeber-of-the-International-Cosmetic-Gynecology-Conference.png\" alt=\"Miembro de la Conferencia Internacional de Ginecolog&#xED;a Est&#xE9;tica\" class=\"wp-image-6221\"\/><\/figure>\n\n\n\n<figure class=\"wp-block-image size-medium\"><img decoding=\"async\" width=\"626\" height=\"194\" data-id=\"6222\" src=\"https:\/\/labiaplastynewyorkcity.com\/wp-content\/uploads\/2022\/05\/Memeber-of-the-International-Society-of-Cosmetogynecology.png\" alt=\"Miembro de la Sociedad Internacional de Cosmetoginecolog&#xED;a\" class=\"wp-image-6222\"\/><\/figure>\n\n\n\n<figure class=\"wp-block-image size-full\"><img decoding=\"async\" width=\"217\" height=\"84\" data-id=\"12238\" src=\"https:\/\/labiaplastynewyorkcity.com\/wp-content\/uploads\/2024\/02\/american-aesthetic-association.png\" alt=\"asociaci&#xF3;n americana de est&#xE9;tica\" class=\"wp-image-12238\"\/><\/figure>\n\n\n\n<figure class=\"wp-block-image size-medium\"><img decoding=\"async\" width=\"300\" height=\"226\" data-id=\"12240\" src=\"https:\/\/labiaplastynewyorkcity.com\/wp-content\/uploads\/2024\/02\/american-board-of-cosmetic-surgery-300x226.png\" alt=\"consejo americano de cirug&#xED;a est&#xE9;tica\" class=\"wp-image-12240\"\/><\/figure>\n\n\n\n<figure class=\"wp-block-image size-medium\"><img decoding=\"async\" width=\"226\" height=\"300\" data-id=\"12242\" src=\"https:\/\/labiaplastynewyorkcity.com\/wp-content\/uploads\/2024\/02\/functional-gynecology-institute-226x300.png\" alt=\"instituto de ginecolog&#xED;a funcional\" class=\"wp-image-12242\"\/><\/figure>\n\n\n\n<figure class=\"wp-block-image size-full\"><img decoding=\"async\" width=\"500\" height=\"194\" data-id=\"13248\" src=\"https:\/\/labiaplastynewyorkcity.com\/wp-content\/uploads\/2024\/08\/carecredit-2.png\" alt=\"CareCredit\" class=\"wp-image-13248\"\/><\/figure>\n\n\n\n<figure class=\"wp-block-image size-full\"><img decoding=\"async\" width=\"450\" height=\"194\" data-id=\"13279\" src=\"https:\/\/labiaplastynewyorkcity.com\/wp-content\/uploads\/2024\/08\/patientfi-9.png\" alt=\"PatientFi\" class=\"wp-image-13279\"\/><\/figure>\n\n\n\n<figure class=\"wp-block-image size-full\"><img decoding=\"async\" width=\"550\" height=\"194\" data-id=\"13246\" src=\"https:\/\/labiaplastynewyorkcity.com\/wp-content\/uploads\/2024\/08\/allegro-credit-5.png\" alt=\"Cr&#xE9;dito Allegro\" class=\"wp-image-13246\"\/><\/figure>\n<\/figure>\n<\/div><\/div>\n\n<div style=\"height:80px\" aria-hidden=\"true\" class=\"wp-block-spacer global-spacer\"><\/div>\n\n<div class=\"wp-block-cover alignwide has-parallax black\" style=\"min-height:649px;aspect-ratio:unset;\"><div role=\"img\" aria-label=\"Labiaplasty NYC Patient Education\" class=\"wp-block-cover__image-background wp-image-14429 has-parallax\" style=\"background-position:50% 50%;background-image:url(https:\/\/labiaplastynewyorkcity.com\/wp-content\/uploads\/2025\/03\/labiaplasty-nyc-patient-education.jpg)\"><\/div><span aria-hidden=\"true\" class=\"wp-block-cover__background has-background-dim-0 has-background-dim\" style=\"background-color:#3e555b\"><\/span><div class=\"wp-block-cover__inner-container is-layout-flow wp-block-cover-is-layout-flow\">\n<div style=\"height:130px\" aria-hidden=\"true\" class=\"wp-block-spacer global-spacer-cta\"><\/div>\n\n\n\n<div class=\"wp-block-group max-width-1000 animated zoomIn delay-100ms has-text-light-color has-text-color\"><div class=\"wp-block-group__inner-container is-layout-flow wp-block-group-is-layout-flow\">\n<h2 class=\"wp-block-heading has-text-align-center\">Acerca de la labioplastia NYC Educaci\u00f3n del paciente<\/h2>\n\n\n\n<p class=\"has-text-align-center has-larger-font-size\">La secci\u00f3n de educaci\u00f3n para pacientes de la labioplastia de NYC pretende ser un recurso completo para cualquier persona interesada en la cirug\u00eda est\u00e9tica ginecol\u00f3gica. Aqu\u00ed, le traemos gu\u00edas de procedimiento en profundidad, preguntas frecuentes sobre el rejuvenecimiento vaginal, relatos de la vida real de los pacientes que se han sometido a procedimientos, y mucho m\u00e1s. <\/p>\n<\/div><\/div>\n\n\n\n<div style=\"height:130px\" aria-hidden=\"true\" class=\"wp-block-spacer global-spacer-cta\"><\/div>\n<\/div><\/div>\n\n<style>\n@media (min-width:1680px) {\n\t.dr-profile .global-spacer {\n      height: 150px !important;\n\t}  \n}\n<\/style>\n","protected":false},"excerpt":{"rendered":"","protected":false},"author":3,"featured_media":0,"parent":7375,"menu_order":0,"comment_status":"closed","ping_status":"closed","template":"page-templates\/blocks.php","meta":{"_acf_changed":false,"_genesis_hide_title":false,"_genesis_hide_breadcrumbs":false,"_genesis_hide_singular_image":false,"_genesis_hide_footer_widgets":false,"_genesis_custom_body_class":"","_genesis_custom_post_class":"","_genesis_layout":"","footnotes":""},"class_list":{"0":"post-15678","1":"page","2":"type-page","3":"status-publish","5":"entry"},"acf":[],"yoast_head":"<!-- This site is optimized with the Yoast SEO plugin v27.2 - https:\/\/yoast.com\/product\/yoast-seo-wordpress\/ -->\n<title>Dr. Kayvan A. Rosstin, Cirujano Est\u00e9tico Certificado<\/title>\n<meta name=\"robots\" content=\"index, follow, max-snippet:-1, max-image-preview:large, max-video-preview:-1\" \/>\n<link rel=\"canonical\" href=\"https:\/\/labiaplastynewyorkcity.com\/es\/sobre\/dr-kayvan-rosstin\/\" \/>\n<meta property=\"og:locale\" content=\"es_ES\" \/>\n<meta property=\"og:type\" content=\"article\" \/>\n<meta property=\"og:title\" content=\"Dr. Kayvan A. Rosstin, Cirujano Est\u00e9tico Certificado\" \/>\n<meta property=\"og:url\" content=\"https:\/\/labiaplastynewyorkcity.com\/es\/sobre\/dr-kayvan-rosstin\/\" \/>\n<meta property=\"og:site_name\" content=\"Labiaplasty NYC\" \/>\n<meta property=\"article:modified_time\" content=\"2026-03-28T10:21:34+00:00\" \/>\n<meta property=\"og:image\" content=\"https:\/\/labiaplastynewyorkcity.com\/wp-content\/uploads\/2024\/11\/dr.-kayvan-rosstin-1.jpg\" \/>\n\t<meta property=\"og:image:width\" content=\"960\" \/>\n\t<meta property=\"og:image:height\" content=\"960\" \/>\n\t<meta property=\"og:image:type\" content=\"image\/jpeg\" \/>\n<meta name=\"twitter:card\" content=\"summary_large_image\" \/>\n<meta name=\"twitter:label1\" content=\"Tiempo de lectura\" \/>\n\t<meta name=\"twitter:data1\" content=\"3 minutos\" \/>\n<script type=\"application\/ld+json\" class=\"yoast-schema-graph\">{\"@context\":\"https:\/\/schema.org\",\"@graph\":[{\"@type\":\"WebPage\",\"@id\":\"https:\/\/labiaplastynewyorkcity.com\/es\/sobre\/dr-kayvan-rosstin\/\",\"url\":\"https:\/\/labiaplastynewyorkcity.com\/es\/sobre\/dr-kayvan-rosstin\/\",\"name\":\"Dr. Kayvan A. Rosstin, Cirujano Est\u00e9tico Certificado\",\"isPartOf\":{\"@id\":\"https:\/\/labiaplastynewyorkcity.com\/es\/#website\"},\"primaryImageOfPage\":{\"@id\":\"https:\/\/labiaplastynewyorkcity.com\/es\/sobre\/dr-kayvan-rosstin\/#primaryimage\"},\"image\":{\"@id\":\"https:\/\/labiaplastynewyorkcity.com\/es\/sobre\/dr-kayvan-rosstin\/#primaryimage\"},\"thumbnailUrl\":\"https:\/\/labiaplastynewyorkcity.com\/wp-content\/uploads\/2024\/11\/dr.-kayvan-rosstin-1.jpg\",\"datePublished\":\"2024-11-26T13:07:30+00:00\",\"dateModified\":\"2026-03-28T10:21:34+00:00\",\"breadcrumb\":{\"@id\":\"https:\/\/labiaplastynewyorkcity.com\/es\/sobre\/dr-kayvan-rosstin\/#breadcrumb\"},\"inLanguage\":\"es\",\"potentialAction\":[{\"@type\":\"ReadAction\",\"target\":[\"https:\/\/labiaplastynewyorkcity.com\/es\/sobre\/dr-kayvan-rosstin\/\"]}]},{\"@type\":\"ImageObject\",\"inLanguage\":\"es\",\"@id\":\"https:\/\/labiaplastynewyorkcity.com\/es\/sobre\/dr-kayvan-rosstin\/#primaryimage\",\"url\":\"https:\/\/labiaplastynewyorkcity.com\/wp-content\/uploads\/2024\/11\/dr.-kayvan-rosstin-1.jpg\",\"contentUrl\":\"https:\/\/labiaplastynewyorkcity.com\/wp-content\/uploads\/2024\/11\/dr.-kayvan-rosstin-1.jpg\"},{\"@type\":\"BreadcrumbList\",\"@id\":\"https:\/\/labiaplastynewyorkcity.com\/es\/sobre\/dr-kayvan-rosstin\/#breadcrumb\",\"itemListElement\":[{\"@type\":\"ListItem\",\"position\":1,\"name\":\"Home\",\"item\":\"https:\/\/labiaplastynewyorkcity.com\/es\/\"},{\"@type\":\"ListItem\",\"position\":2,\"name\":\"Qui\u00e9nes somos\",\"item\":\"https:\/\/labiaplastynewyorkcity.com\/es\/sobre\/\"},{\"@type\":\"ListItem\",\"position\":3,\"name\":\"Dr. Kayvan A. Rosstin, Cirujano Est\u00e9tico Certificado\"}]},{\"@type\":\"WebSite\",\"@id\":\"https:\/\/labiaplastynewyorkcity.com\/es\/#website\",\"url\":\"https:\/\/labiaplastynewyorkcity.com\/es\/\",\"name\":\"Labiaplasty NYC\",\"description\":\"Minimally Invasive Gynecological and Pelvic Reconstructive Surgery\",\"publisher\":{\"@id\":\"https:\/\/labiaplastynewyorkcity.com\/es\/#organization\"},\"potentialAction\":[{\"@type\":\"SearchAction\",\"target\":{\"@type\":\"EntryPoint\",\"urlTemplate\":\"https:\/\/labiaplastynewyorkcity.com\/es\/?s={search_term_string}\"},\"query-input\":{\"@type\":\"PropertyValueSpecification\",\"valueRequired\":true,\"valueName\":\"search_term_string\"}}],\"inLanguage\":\"es\"},{\"@type\":\"Organization\",\"@id\":\"https:\/\/labiaplastynewyorkcity.com\/es\/#organization\",\"name\":\"Labiaplasty NYC\",\"url\":\"https:\/\/labiaplastynewyorkcity.com\/es\/\",\"logo\":{\"@type\":\"ImageObject\",\"inLanguage\":\"es\",\"@id\":\"https:\/\/labiaplastynewyorkcity.com\/es\/#\/schema\/logo\/image\/\",\"url\":\"https:\/\/labiaplastynewyorkcity.com\/wp-content\/uploads\/2025\/02\/labiaplasty-nyc-logo.png\",\"contentUrl\":\"https:\/\/labiaplastynewyorkcity.com\/wp-content\/uploads\/2025\/02\/labiaplasty-nyc-logo.png\",\"width\":834,\"height\":278,\"caption\":\"Labiaplasty NYC\"},\"image\":{\"@id\":\"https:\/\/labiaplastynewyorkcity.com\/es\/#\/schema\/logo\/image\/\"}}]}<\/script>\n<!-- \/ Yoast SEO plugin. -->","yoast_head_json":{"title":"Dr. Kayvan A. Rosstin, Cirujano Est\u00e9tico Certificado","robots":{"index":"index","follow":"follow","max-snippet":"max-snippet:-1","max-image-preview":"max-image-preview:large","max-video-preview":"max-video-preview:-1"},"canonical":"https:\/\/labiaplastynewyorkcity.com\/es\/sobre\/dr-kayvan-rosstin\/","og_locale":"es_ES","og_type":"article","og_title":"Dr. Kayvan A. Rosstin, Cirujano Est\u00e9tico Certificado","og_url":"https:\/\/labiaplastynewyorkcity.com\/es\/sobre\/dr-kayvan-rosstin\/","og_site_name":"Labiaplasty NYC","article_modified_time":"2026-03-28T10:21:34+00:00","og_image":[{"width":960,"height":960,"url":"https:\/\/labiaplastynewyorkcity.com\/wp-content\/uploads\/2024\/11\/dr.-kayvan-rosstin-1.jpg","type":"image\/jpeg"}],"twitter_card":"summary_large_image","twitter_misc":{"Tiempo de lectura":"3 minutos"},"schema":{"@context":"https:\/\/schema.org","@graph":[{"@type":"WebPage","@id":"https:\/\/labiaplastynewyorkcity.com\/es\/sobre\/dr-kayvan-rosstin\/","url":"https:\/\/labiaplastynewyorkcity.com\/es\/sobre\/dr-kayvan-rosstin\/","name":"Dr. Kayvan A. Rosstin, Cirujano Est\u00e9tico Certificado","isPartOf":{"@id":"https:\/\/labiaplastynewyorkcity.com\/es\/#website"},"primaryImageOfPage":{"@id":"https:\/\/labiaplastynewyorkcity.com\/es\/sobre\/dr-kayvan-rosstin\/#primaryimage"},"image":{"@id":"https:\/\/labiaplastynewyorkcity.com\/es\/sobre\/dr-kayvan-rosstin\/#primaryimage"},"thumbnailUrl":"https:\/\/labiaplastynewyorkcity.com\/wp-content\/uploads\/2024\/11\/dr.-kayvan-rosstin-1.jpg","datePublished":"2024-11-26T13:07:30+00:00","dateModified":"2026-03-28T10:21:34+00:00","breadcrumb":{"@id":"https:\/\/labiaplastynewyorkcity.com\/es\/sobre\/dr-kayvan-rosstin\/#breadcrumb"},"inLanguage":"es","potentialAction":[{"@type":"ReadAction","target":["https:\/\/labiaplastynewyorkcity.com\/es\/sobre\/dr-kayvan-rosstin\/"]}]},{"@type":"ImageObject","inLanguage":"es","@id":"https:\/\/labiaplastynewyorkcity.com\/es\/sobre\/dr-kayvan-rosstin\/#primaryimage","url":"https:\/\/labiaplastynewyorkcity.com\/wp-content\/uploads\/2024\/11\/dr.-kayvan-rosstin-1.jpg","contentUrl":"https:\/\/labiaplastynewyorkcity.com\/wp-content\/uploads\/2024\/11\/dr.-kayvan-rosstin-1.jpg"},{"@type":"BreadcrumbList","@id":"https:\/\/labiaplastynewyorkcity.com\/es\/sobre\/dr-kayvan-rosstin\/#breadcrumb","itemListElement":[{"@type":"ListItem","position":1,"name":"Home","item":"https:\/\/labiaplastynewyorkcity.com\/es\/"},{"@type":"ListItem","position":2,"name":"Qui\u00e9nes somos","item":"https:\/\/labiaplastynewyorkcity.com\/es\/sobre\/"},{"@type":"ListItem","position":3,"name":"Dr. Kayvan A. Rosstin, Cirujano Est\u00e9tico Certificado"}]},{"@type":"WebSite","@id":"https:\/\/labiaplastynewyorkcity.com\/es\/#website","url":"https:\/\/labiaplastynewyorkcity.com\/es\/","name":"Labiaplasty NYC","description":"Minimally Invasive Gynecological and Pelvic Reconstructive Surgery","publisher":{"@id":"https:\/\/labiaplastynewyorkcity.com\/es\/#organization"},"potentialAction":[{"@type":"SearchAction","target":{"@type":"EntryPoint","urlTemplate":"https:\/\/labiaplastynewyorkcity.com\/es\/?s={search_term_string}"},"query-input":{"@type":"PropertyValueSpecification","valueRequired":true,"valueName":"search_term_string"}}],"inLanguage":"es"},{"@type":"Organization","@id":"https:\/\/labiaplastynewyorkcity.com\/es\/#organization","name":"Labiaplasty NYC","url":"https:\/\/labiaplastynewyorkcity.com\/es\/","logo":{"@type":"ImageObject","inLanguage":"es","@id":"https:\/\/labiaplastynewyorkcity.com\/es\/#\/schema\/logo\/image\/","url":"https:\/\/labiaplastynewyorkcity.com\/wp-content\/uploads\/2025\/02\/labiaplasty-nyc-logo.png","contentUrl":"https:\/\/labiaplastynewyorkcity.com\/wp-content\/uploads\/2025\/02\/labiaplasty-nyc-logo.png","width":834,"height":278,"caption":"Labiaplasty NYC"},"image":{"@id":"https:\/\/labiaplastynewyorkcity.com\/es\/#\/schema\/logo\/image\/"}}]}},"featured_image_src":null,"featured_image_src_square":null,"_links":{"self":[{"href":"https:\/\/labiaplastynewyorkcity.com\/es\/wp-json\/wp\/v2\/pages\/15678","targetHints":{"allow":["GET"]}}],"collection":[{"href":"https:\/\/labiaplastynewyorkcity.com\/es\/wp-json\/wp\/v2\/pages"}],"about":[{"href":"https:\/\/labiaplastynewyorkcity.com\/es\/wp-json\/wp\/v2\/types\/page"}],"author":[{"embeddable":true,"href":"https:\/\/labiaplastynewyorkcity.com\/es\/wp-json\/wp\/v2\/users\/3"}],"replies":[{"embeddable":true,"href":"https:\/\/labiaplastynewyorkcity.com\/es\/wp-json\/wp\/v2\/comments?post=15678"}],"version-history":[{"count":0,"href":"https:\/\/labiaplastynewyorkcity.com\/es\/wp-json\/wp\/v2\/pages\/15678\/revisions"}],"up":[{"embeddable":true,"href":"https:\/\/labiaplastynewyorkcity.com\/es\/wp-json\/wp\/v2\/pages\/7375"}],"wp:attachment":[{"href":"https:\/\/labiaplastynewyorkcity.com\/es\/wp-json\/wp\/v2\/media?parent=15678"}],"curies":[{"name":"wp","href":"https:\/\/api.w.org\/{rel}","templated":true}]}}